{"id":52103,"date":"2016-06-28T22:31:13","date_gmt":"2016-06-28T22:31:13","guid":{"rendered":"https:\/\/new.ilmoliulampar.is\/product\/madebyzen-no-10-balance\/"},"modified":"2025-11-10T15:13:31","modified_gmt":"2025-11-10T15:13:31","slug":"madebyzen-no-10-balance","status":"publish","type":"product","link":"https:\/\/ilmoliulampar.is\/en_gb\/product\/madebyzen-no-10-balance\/","title":{"rendered":"No. 10 Balance &#8211; Made by Zen"},"content":{"rendered":"","protected":false},"excerpt":{"rendered":"<p>H\u00e1g\u00e6\u00f0a ilmkjarnaol\u00edublanda framleidd \u00ed Bretlandi. \u00deessi blanda er s\u00e9rlega slakandi og r\u00f3andi.<\/p>\n<p>Innihald:\u00a0Lavandin sem er gott vi\u00f0 dj\u00fapsl\u00f6kun \u00e1n \u00feess a\u00f0 \u00feig syfji &#8211;\u00a0Lavender sem er r\u00f3andi &#8211;\u00a0Cypress er r\u00f3andi og gott fyrir \u00f6ndunarf\u00e6rin &#8211;\u00a0Clary sage hefur kv\u00ed\u00f0astillandi eiginleika.<\/p>","protected":false},"featured_media":66043,"comment_status":"open","ping_status":"closed","template":"","meta":[],"product_brand":[],"product_cat":[224,108],"product_tag":[],"class_list":{"0":"post-52103","1":"product","2":"type-product","3":"status-publish","4":"has-post-thumbnail","6":"product_cat-ilmkjarnaoliur-oliur","7":"product_cat-oliur","9":"first","10":"instock","11":"shipping-taxable","12":"purchasable","13":"product-type-simple"},"_links":{"self":[{"href":"https:\/\/ilmoliulampar.is\/en_gb\/wp-json\/wp\/v2\/product\/52103","targetHints":{"allow":["GET"]}}],"collection":[{"href":"https:\/\/ilmoliulampar.is\/en_gb\/wp-json\/wp\/v2\/product"}],"about":[{"href":"https:\/\/ilmoliulampar.is\/en_gb\/wp-json\/wp\/v2\/types\/product"}],"replies":[{"embeddable":true,"href":"https:\/\/ilmoliulampar.is\/en_gb\/wp-json\/wp\/v2\/comments?post=52103"}],"wp:featuredmedia":[{"embeddable":true,"href":"https:\/\/ilmoliulampar.is\/en_gb\/wp-json\/wp\/v2\/media\/66043"}],"wp:attachment":[{"href":"https:\/\/ilmoliulampar.is\/en_gb\/wp-json\/wp\/v2\/media?parent=52103"}],"wp:term":[{"taxonomy":"product_brand","embeddable":true,"href":"https:\/\/ilmoliulampar.is\/en_gb\/wp-json\/wp\/v2\/product_brand?post=52103"},{"taxonomy":"product_cat","embeddable":true,"href":"https:\/\/ilmoliulampar.is\/en_gb\/wp-json\/wp\/v2\/product_cat?post=52103"},{"taxonomy":"product_tag","embeddable":true,"href":"https:\/\/ilmoliulampar.is\/en_gb\/wp-json\/wp\/v2\/product_tag?post=52103"}],"curies":[{"name":"wp","href":"https:\/\/api.w.org\/{rel}","templated":true}]}}