{"id":52105,"date":"2016-07-18T17:00:12","date_gmt":"2016-07-18T17:00:12","guid":{"rendered":"https:\/\/new.ilmoliulampar.is\/product\/eydir-olykt-2\/"},"modified":"2026-03-24T19:31:33","modified_gmt":"2026-03-24T19:31:33","slug":"eydir-olykt-2","status":"publish","type":"product","link":"https:\/\/ilmoliulampar.is\/en_gb\/product\/eydir-olykt-2\/","title":{"rendered":"ANTI TOBACCO &#8211; EY\u00d0IR \u00d3LYKT"},"content":{"rendered":"","protected":false},"excerpt":{"rendered":"<p>\u00deessi er \u00f3missandi, \u00fea\u00f0 \u00feurfa allir a\u00f0 eiga glas af Anti tobaco. Ey\u00f0ir allri \u00f3lykt hvort sem \u00fea\u00f0 er reykingar, d\u00fdralykt, steikingar e\u00f0a brunalykt, j\u00e1 bara vondri lykt yfir h\u00f6fu\u00f0.<\/p>","protected":false},"featured_media":39586,"comment_status":"closed","ping_status":"closed","template":"","meta":[],"product_brand":[],"product_cat":[195,108],"product_tag":[],"class_list":{"0":"post-52105","1":"product","2":"type-product","3":"status-publish","4":"has-post-thumbnail","6":"product_cat-ilmoliur-oliur","7":"product_cat-oliur","9":"first","10":"instock","11":"shipping-taxable","12":"purchasable","13":"product-type-simple"},"_links":{"self":[{"href":"https:\/\/ilmoliulampar.is\/en_gb\/wp-json\/wp\/v2\/product\/52105","targetHints":{"allow":["GET"]}}],"collection":[{"href":"https:\/\/ilmoliulampar.is\/en_gb\/wp-json\/wp\/v2\/product"}],"about":[{"href":"https:\/\/ilmoliulampar.is\/en_gb\/wp-json\/wp\/v2\/types\/product"}],"replies":[{"embeddable":true,"href":"https:\/\/ilmoliulampar.is\/en_gb\/wp-json\/wp\/v2\/comments?post=52105"}],"wp:featuredmedia":[{"embeddable":true,"href":"https:\/\/ilmoliulampar.is\/en_gb\/wp-json\/wp\/v2\/media\/39586"}],"wp:attachment":[{"href":"https:\/\/ilmoliulampar.is\/en_gb\/wp-json\/wp\/v2\/media?parent=52105"}],"wp:term":[{"taxonomy":"product_brand","embeddable":true,"href":"https:\/\/ilmoliulampar.is\/en_gb\/wp-json\/wp\/v2\/product_brand?post=52105"},{"taxonomy":"product_cat","embeddable":true,"href":"https:\/\/ilmoliulampar.is\/en_gb\/wp-json\/wp\/v2\/product_cat?post=52105"},{"taxonomy":"product_tag","embeddable":true,"href":"https:\/\/ilmoliulampar.is\/en_gb\/wp-json\/wp\/v2\/product_tag?post=52105"}],"curies":[{"name":"wp","href":"https:\/\/api.w.org\/{rel}","templated":true}]}}