{"id":52106,"date":"2016-07-20T00:52:06","date_gmt":"2016-07-20T00:52:06","guid":{"rendered":"https:\/\/new.ilmoliulampar.is\/product\/frankincense\/"},"modified":"2024-07-10T16:27:08","modified_gmt":"2024-07-10T16:27:08","slug":"frankincense","status":"publish","type":"product","link":"https:\/\/ilmoliulampar.is\/en_gb\/product\/frankincense\/","title":{"rendered":"FRANKINCENSE"},"content":{"rendered":"","protected":false},"excerpt":{"rendered":"<p>Frankincense \u2013 Konungur ilmkjarnaol\u00edanna !<br \/>\nFrankincense er ein \u00feekkasta og fj\u00f6lh\u00e6fasta ilmkjarna ol\u00eda sem v\u00f6l er \u00e1, h\u00fan er b\u00fain til \u00far \u00feurrku\u00f0um safa \u00far trj\u00e1m sem vaxa \u00ed \u00d3man,Jemen og Afr\u00edku,og \u00e1 s\u00e9r \u00e6vagamla s\u00f6gu fyrir heilsub\u00e6tandi \u00e1hrif s\u00edn.<br \/>\nFrankincense er:<br \/>\n-Bakter\u00edudrepandi<br \/>\n-S\u00f3tthreinsandi<br \/>\n-Stu\u00f0lar a\u00f0 heilbrig\u00f0ri meltingu<br \/>\n-R\u00f3ar hugann og lyftir andanum<br \/>\n-Kv\u00ed\u00f0astillandi<br \/>\n-Verkjastillandi<br \/>\n-B\u00f3lguey\u00f0andi<br \/>\n-Styrkir \u00f3n\u00e6miskerfi\u00f0<br \/>\n-Hj\u00e1lpar vi\u00f0 fr\u00e1sog n\u00e6ringarefna<br \/>\n-Styrkir g\u00f3ma og h\u00e1r<br \/>\n-Stoppar bl\u00e6\u00f0ingu s\u00e1ra<br \/>\n-Fl\u00fdtir fyrir gr\u00e6\u00f0ingu s\u00e1ra, skor\u00fdrabita<br \/>\n&#8211; Hentar s\u00e9rstaklega vel b\u00f3l\u00f3ttri h\u00fa\u00f0<br \/>\n-G\u00f3\u00f0 vi\u00f0 \u00feurri h\u00fa\u00f0<br \/>\n-Sn\u00fdr vi\u00f0 merkjum um \u00f6ldrun<br \/>\n-Stu\u00f0lar a\u00f0 heilbrig\u00f0ri endurn\u00fdjun frumna og vefja \u2013 einnig heldur h\u00fan n\u00faverandi frumum og vefjum heilbrig\u00f0um.<br \/>\n-Dregur \u00far s\u00fdnileika \u00f6ra og hrukkum.<br \/>\nEinnig hefur Frankencense ilmkjarnaol\u00edan s\u00fdnt fram \u00e1 l\u00e6knandi \u00e1hrif vi\u00f0:<br \/>\nLi\u00f0agigt: Me\u00f0 ranns\u00f3knum \u00ed Cardiff University, komust v\u00edsindamenn a\u00f0 \u00fev\u00ed Frankincense getur hamla\u00f0 myndun b\u00f3lgu og komi\u00f0 \u00ed veg fyrir ni\u00f0urbrot \u00e1 brj\u00f3ski og vefjum sem valda vefja- og li\u00f0agigt.<br \/>\nKvef og \u00f6ndunarf\u00e6rasj\u00fakd\u00f3mar: Frankincense ol\u00edan br\u00fdtur upp kvefsl\u00edm \u00ed \u00f6ndunarvegi og lungum og getur l\u00e9tt \u00e1 berkjub\u00f3lgu.<br \/>\nFrankincense kemur reglu \u00e1 estr\u00f3gen fl\u00e6\u00f0i\u00f0 hj\u00e1 konum og dregur \u00far h\u00e6ttu \u00e1 bl\u00f6\u00f0rumyndun \u00ed legi og hj\u00e1lpar til vi\u00f0 a\u00f0 hafa reglu \u00e1 t\u00ed\u00f0ahring kvenna.<br \/>\nHvernig skal nota Frankencense ? Setji\u00f0 nokkra dropa \u00fat \u00ed vatni\u00f0 \u00ed ilmol\u00edulampanum, b\u00e6\u00f0i bara eina og s\u00e9r e\u00f0a me\u00f0 \u00f6\u00f0rum ilmkjarnaol\u00edum, einnig er gott a\u00f0 setja nokkra dropa \u00ed hreinan rakan kl\u00fat og anda a\u00f0 s\u00e9r, vi\u00f0 verkjum er gott a\u00f0 bera ol\u00eduna beint \u00e1 aum sv\u00e6\u00f0i (a\u00f0eins 1 til 2 dropa) svo er l\u00edka \u00e6\u00f0islegt a\u00f0 setja \u00f6rf\u00e1a dropa beint \u00fat \u00ed ba\u00f0vatni\u00f0.<br \/>\nIlmurinn af Frankencense er citrus kenndur \u00ed bland vi\u00f0 Musk, svona jar\u00f0ar og trj\u00e1ailmur, enn samt ekki of \u00feungur, hann veitir afslappandi tilfinningu, gott er a\u00f0 notast vi\u00f0 Frankincense \u00feegar ma\u00f0ur huglei\u00f0ir.<br \/>\nFrankencense blandast vel me\u00f0 \u00f6\u00f0rum ilmkjarnaol\u00edum og er \u00fev\u00ed tilvali\u00f0 a\u00f0 leika s\u00e9r me\u00f0 ilmkjarnaol\u00edurnar og prufa sig \u00e1fram.<br \/>\nGott a\u00f0 setja 3 dropa af Lemongrass og 1 &#8211; 2 dropa af Frankencense \u00ed ilmol\u00edulampann&#8230;. d\u00e1samlegur,uppl\u00edfgandi og ferskur ilmur !<\/p>","protected":false},"featured_media":39602,"comment_status":"open","ping_status":"open","template":"","meta":[],"product_brand":[],"product_cat":[224,108],"product_tag":[],"class_list":{"0":"post-52106","1":"product","2":"type-product","3":"status-publish","4":"has-post-thumbnail","6":"product_cat-ilmkjarnaoliur-oliur","7":"product_cat-oliur","9":"first","10":"instock","11":"shipping-taxable","12":"purchasable","13":"product-type-simple"},"_links":{"self":[{"href":"https:\/\/ilmoliulampar.is\/en_gb\/wp-json\/wp\/v2\/product\/52106","targetHints":{"allow":["GET"]}}],"collection":[{"href":"https:\/\/ilmoliulampar.is\/en_gb\/wp-json\/wp\/v2\/product"}],"about":[{"href":"https:\/\/ilmoliulampar.is\/en_gb\/wp-json\/wp\/v2\/types\/product"}],"replies":[{"embeddable":true,"href":"https:\/\/ilmoliulampar.is\/en_gb\/wp-json\/wp\/v2\/comments?post=52106"}],"wp:featuredmedia":[{"embeddable":true,"href":"https:\/\/ilmoliulampar.is\/en_gb\/wp-json\/wp\/v2\/media\/39602"}],"wp:attachment":[{"href":"https:\/\/ilmoliulampar.is\/en_gb\/wp-json\/wp\/v2\/media?parent=52106"}],"wp:term":[{"taxonomy":"product_brand","embeddable":true,"href":"https:\/\/ilmoliulampar.is\/en_gb\/wp-json\/wp\/v2\/product_brand?post=52106"},{"taxonomy":"product_cat","embeddable":true,"href":"https:\/\/ilmoliulampar.is\/en_gb\/wp-json\/wp\/v2\/product_cat?post=52106"},{"taxonomy":"product_tag","embeddable":true,"href":"https:\/\/ilmoliulampar.is\/en_gb\/wp-json\/wp\/v2\/product_tag?post=52106"}],"curies":[{"name":"wp","href":"https:\/\/api.w.org\/{rel}","templated":true}]}}