{"id":52108,"date":"2016-08-14T13:05:19","date_gmt":"2016-08-14T13:05:19","guid":{"rendered":"https:\/\/new.ilmoliulampar.is\/product\/dreamcatcher\/"},"modified":"2025-07-16T15:18:22","modified_gmt":"2025-07-16T15:18:22","slug":"dreamcatcher","status":"publish","type":"product","link":"https:\/\/ilmoliulampar.is\/en_gb\/product\/dreamcatcher\/","title":{"rendered":"DREAMCATCHER"},"content":{"rendered":"","protected":false},"excerpt":{"rendered":"<p>Ein af mest seldu ilmol\u00edum \u00ed heiminum. Mj\u00fakur duftkenndur bl\u00f3ma undirt\u00f3nn, einn afar g\u00f3\u00f0ur og \u00fe\u00e6gilegur ilmur.<\/p>","protected":false},"featured_media":39620,"comment_status":"closed","ping_status":"closed","template":"","meta":[],"product_brand":[],"product_cat":[195,108],"product_tag":[],"class_list":{"0":"post-52108","1":"product","2":"type-product","3":"status-publish","4":"has-post-thumbnail","6":"product_cat-ilmoliur-oliur","7":"product_cat-oliur","9":"first","10":"outofstock","11":"shipping-taxable","12":"purchasable","13":"product-type-simple"},"_links":{"self":[{"href":"https:\/\/ilmoliulampar.is\/en_gb\/wp-json\/wp\/v2\/product\/52108","targetHints":{"allow":["GET"]}}],"collection":[{"href":"https:\/\/ilmoliulampar.is\/en_gb\/wp-json\/wp\/v2\/product"}],"about":[{"href":"https:\/\/ilmoliulampar.is\/en_gb\/wp-json\/wp\/v2\/types\/product"}],"replies":[{"embeddable":true,"href":"https:\/\/ilmoliulampar.is\/en_gb\/wp-json\/wp\/v2\/comments?post=52108"}],"wp:featuredmedia":[{"embeddable":true,"href":"https:\/\/ilmoliulampar.is\/en_gb\/wp-json\/wp\/v2\/media\/39620"}],"wp:attachment":[{"href":"https:\/\/ilmoliulampar.is\/en_gb\/wp-json\/wp\/v2\/media?parent=52108"}],"wp:term":[{"taxonomy":"product_brand","embeddable":true,"href":"https:\/\/ilmoliulampar.is\/en_gb\/wp-json\/wp\/v2\/product_brand?post=52108"},{"taxonomy":"product_cat","embeddable":true,"href":"https:\/\/ilmoliulampar.is\/en_gb\/wp-json\/wp\/v2\/product_cat?post=52108"},{"taxonomy":"product_tag","embeddable":true,"href":"https:\/\/ilmoliulampar.is\/en_gb\/wp-json\/wp\/v2\/product_tag?post=52108"}],"curies":[{"name":"wp","href":"https:\/\/api.w.org\/{rel}","templated":true}]}}