{"id":52110,"date":"2016-08-21T13:11:34","date_gmt":"2016-08-21T13:11:34","guid":{"rendered":"https:\/\/new.ilmoliulampar.is\/product\/cranberry-salsa\/"},"modified":"2023-03-29T15:54:04","modified_gmt":"2023-03-29T15:54:04","slug":"cranberry-salsa","status":"publish","type":"product","link":"https:\/\/ilmoliulampar.is\/en_gb\/product\/cranberry-salsa\/","title":{"rendered":"CRANBERRY SALSA"},"content":{"rendered":"","protected":false},"excerpt":{"rendered":"<p>\u00deessi ilmur er fyrir \u00fe\u00e1 sem vilja finna ferskan ilm af safar\u00edkum<br \/>\nn\u00fdt\u00edndum tr\u00f6nuberjum \u00ed bland vi\u00f0 v\u00ednber, s\u00edtr\u00f3nu, bleikan grape,<br \/>\njar\u00f0arber og granatepli.<br \/>\nSvakalega g\u00f3\u00f0ur\u2026\u2026.<\/p>","protected":false},"featured_media":39629,"comment_status":"closed","ping_status":"closed","template":"","meta":[],"product_brand":[],"product_cat":[195,108],"product_tag":[],"class_list":{"0":"post-52110","1":"product","2":"type-product","3":"status-publish","4":"has-post-thumbnail","6":"product_cat-ilmoliur-oliur","7":"product_cat-oliur","9":"first","10":"outofstock","11":"shipping-taxable","12":"purchasable","13":"product-type-simple"},"_links":{"self":[{"href":"https:\/\/ilmoliulampar.is\/en_gb\/wp-json\/wp\/v2\/product\/52110","targetHints":{"allow":["GET"]}}],"collection":[{"href":"https:\/\/ilmoliulampar.is\/en_gb\/wp-json\/wp\/v2\/product"}],"about":[{"href":"https:\/\/ilmoliulampar.is\/en_gb\/wp-json\/wp\/v2\/types\/product"}],"replies":[{"embeddable":true,"href":"https:\/\/ilmoliulampar.is\/en_gb\/wp-json\/wp\/v2\/comments?post=52110"}],"wp:featuredmedia":[{"embeddable":true,"href":"https:\/\/ilmoliulampar.is\/en_gb\/wp-json\/wp\/v2\/media\/39629"}],"wp:attachment":[{"href":"https:\/\/ilmoliulampar.is\/en_gb\/wp-json\/wp\/v2\/media?parent=52110"}],"wp:term":[{"taxonomy":"product_brand","embeddable":true,"href":"https:\/\/ilmoliulampar.is\/en_gb\/wp-json\/wp\/v2\/product_brand?post=52110"},{"taxonomy":"product_cat","embeddable":true,"href":"https:\/\/ilmoliulampar.is\/en_gb\/wp-json\/wp\/v2\/product_cat?post=52110"},{"taxonomy":"product_tag","embeddable":true,"href":"https:\/\/ilmoliulampar.is\/en_gb\/wp-json\/wp\/v2\/product_tag?post=52110"}],"curies":[{"name":"wp","href":"https:\/\/api.w.org\/{rel}","templated":true}]}}