{"id":52111,"date":"2016-08-21T13:17:33","date_gmt":"2016-08-21T13:17:33","guid":{"rendered":"https:\/\/new.ilmoliulampar.is\/product\/vanilla-icecream\/"},"modified":"2026-03-29T13:07:04","modified_gmt":"2026-03-29T13:07:04","slug":"vanilla-icecream","status":"publish","type":"product","link":"https:\/\/ilmoliulampar.is\/en_gb\/product\/vanilla-icecream\/","title":{"rendered":"VANILLA ICECREAM"},"content":{"rendered":"","protected":false},"excerpt":{"rendered":"<p>Ertu vanillu sj\u00fak\/sj\u00fakur ?<br \/>\n\u00de\u00e1 er \u00feessi algj\u00f6rlega m\u00e1li\u00f0.<br \/>\nFullt af vanillust\u00f6ngum, rj\u00f3ma og vanillubaunir.<br \/>\nEkta vanillu-icecream lykt.<\/p>","protected":false},"featured_media":39636,"comment_status":"closed","ping_status":"closed","template":"","meta":[],"product_brand":[],"product_cat":[195,115,198,230,108,121],"product_tag":[],"class_list":{"0":"post-52111","1":"product","2":"type-product","3":"status-publish","4":"has-post-thumbnail","6":"product_cat-ilmoliur-oliur","7":"product_cat-ilmoliutilbod","8":"product_cat-ilmoliutilbod-oliur","9":"product_cat-laekkadverd","10":"product_cat-oliur","11":"product_cat-tilbod-adrar-vorur","13":"first","14":"instock","15":"sale","16":"shipping-taxable","17":"purchasable","18":"product-type-simple"},"_links":{"self":[{"href":"https:\/\/ilmoliulampar.is\/en_gb\/wp-json\/wp\/v2\/product\/52111","targetHints":{"allow":["GET"]}}],"collection":[{"href":"https:\/\/ilmoliulampar.is\/en_gb\/wp-json\/wp\/v2\/product"}],"about":[{"href":"https:\/\/ilmoliulampar.is\/en_gb\/wp-json\/wp\/v2\/types\/product"}],"replies":[{"embeddable":true,"href":"https:\/\/ilmoliulampar.is\/en_gb\/wp-json\/wp\/v2\/comments?post=52111"}],"wp:featuredmedia":[{"embeddable":true,"href":"https:\/\/ilmoliulampar.is\/en_gb\/wp-json\/wp\/v2\/media\/39636"}],"wp:attachment":[{"href":"https:\/\/ilmoliulampar.is\/en_gb\/wp-json\/wp\/v2\/media?parent=52111"}],"wp:term":[{"taxonomy":"product_brand","embeddable":true,"href":"https:\/\/ilmoliulampar.is\/en_gb\/wp-json\/wp\/v2\/product_brand?post=52111"},{"taxonomy":"product_cat","embeddable":true,"href":"https:\/\/ilmoliulampar.is\/en_gb\/wp-json\/wp\/v2\/product_cat?post=52111"},{"taxonomy":"product_tag","embeddable":true,"href":"https:\/\/ilmoliulampar.is\/en_gb\/wp-json\/wp\/v2\/product_tag?post=52111"}],"curies":[{"name":"wp","href":"https:\/\/api.w.org\/{rel}","templated":true}]}}