{"id":52117,"date":"2016-09-16T10:34:14","date_gmt":"2016-09-16T10:34:14","guid":{"rendered":"https:\/\/new.ilmoliulampar.is\/product\/bird-of-paradise\/"},"modified":"2025-10-30T17:09:17","modified_gmt":"2025-10-30T17:09:17","slug":"bird-of-paradise","status":"publish","type":"product","link":"https:\/\/ilmoliulampar.is\/en_gb\/product\/bird-of-paradise\/","title":{"rendered":"BIRD OF PARADISE"},"content":{"rendered":"","protected":false},"excerpt":{"rendered":"<p>\u00deessi flaska er d\u00e1samleg \ud83d\ude42 S\u00e6t og kremu\u00f0 vanilla, bl\u00f6ndu\u00f0 jar\u00f0arberjum og k\u00f3kos. \u00de\u00fa \u00e1tt eftir a\u00f0 elska \u00feessa&#8230;&#8230;.<\/p>\n<p>&nbsp;<\/p>","protected":false},"featured_media":39687,"comment_status":"closed","ping_status":"closed","template":"","meta":[],"product_brand":[],"product_cat":[195,108],"product_tag":[],"class_list":{"0":"post-52117","1":"product","2":"type-product","3":"status-publish","4":"has-post-thumbnail","6":"product_cat-ilmoliur-oliur","7":"product_cat-oliur","9":"first","10":"instock","11":"shipping-taxable","12":"purchasable","13":"product-type-simple"},"_links":{"self":[{"href":"https:\/\/ilmoliulampar.is\/en_gb\/wp-json\/wp\/v2\/product\/52117","targetHints":{"allow":["GET"]}}],"collection":[{"href":"https:\/\/ilmoliulampar.is\/en_gb\/wp-json\/wp\/v2\/product"}],"about":[{"href":"https:\/\/ilmoliulampar.is\/en_gb\/wp-json\/wp\/v2\/types\/product"}],"replies":[{"embeddable":true,"href":"https:\/\/ilmoliulampar.is\/en_gb\/wp-json\/wp\/v2\/comments?post=52117"}],"wp:featuredmedia":[{"embeddable":true,"href":"https:\/\/ilmoliulampar.is\/en_gb\/wp-json\/wp\/v2\/media\/39687"}],"wp:attachment":[{"href":"https:\/\/ilmoliulampar.is\/en_gb\/wp-json\/wp\/v2\/media?parent=52117"}],"wp:term":[{"taxonomy":"product_brand","embeddable":true,"href":"https:\/\/ilmoliulampar.is\/en_gb\/wp-json\/wp\/v2\/product_brand?post=52117"},{"taxonomy":"product_cat","embeddable":true,"href":"https:\/\/ilmoliulampar.is\/en_gb\/wp-json\/wp\/v2\/product_cat?post=52117"},{"taxonomy":"product_tag","embeddable":true,"href":"https:\/\/ilmoliulampar.is\/en_gb\/wp-json\/wp\/v2\/product_tag?post=52117"}],"curies":[{"name":"wp","href":"https:\/\/api.w.org\/{rel}","templated":true}]}}