{"id":52118,"date":"2016-09-20T19:51:06","date_gmt":"2016-09-20T19:51:06","guid":{"rendered":"https:\/\/new.ilmoliulampar.is\/product\/chamomile\/"},"modified":"2025-04-02T14:37:07","modified_gmt":"2025-04-02T14:37:07","slug":"chamomile","status":"publish","type":"product","link":"https:\/\/ilmoliulampar.is\/en_gb\/product\/chamomile\/","title":{"rendered":"Chamomile"},"content":{"rendered":"","protected":false},"excerpt":{"rendered":"<p>Chamomile er einstaklega r\u00f3andi, verkjastillandi, s\u00f3tthreinsandi, bakter\u00edu- og sveppadrepandi. H\u00fan er einstaklega uppl\u00edfgandi, getur dregi\u00f0 \u00far \u00f6rum. H\u00fan er r\u00f3andi fyrir meltinguna og er g\u00f3\u00f0 \u00e1 \u00fatbrot, b\u00f3lur, exem og fleiri h\u00fa\u00f0vandam\u00e1l. \u00dea\u00f0 er l\u00edka \u00e6\u00f0islegt a\u00f0 nudda henni undir iljarnar \u00e1\u00f0ur en fari\u00f0 er a\u00f0 sofa \u00e1 kv\u00f6ldin.<\/p>\n<p>Rosa gott a\u00f0 setja nokkra dropa af ol\u00edunni \u00ed ba\u00f0vatni\u00f0 e\u00f0a blanda henni saman vi\u00f0 g\u00f3\u00f0a grunnol\u00edu og nota \u00ed nudd.<br \/>\nH\u00fan er fr\u00e1b\u00e6r \u00ed ilmol\u00edulampann, settu nokkra dropa \u00ed lampann \u00feegar \u00fe\u00fa fer\u00f0 a\u00f0 sofa, h\u00fan virkar strax slakandi.<\/p>","protected":false},"featured_media":39690,"comment_status":"open","ping_status":"closed","template":"","meta":[],"product_brand":[],"product_cat":[224,108],"product_tag":[],"class_list":{"0":"post-52118","1":"product","2":"type-product","3":"status-publish","4":"has-post-thumbnail","6":"product_cat-ilmkjarnaoliur-oliur","7":"product_cat-oliur","9":"first","10":"outofstock","11":"shipping-taxable","12":"purchasable","13":"product-type-simple"},"_links":{"self":[{"href":"https:\/\/ilmoliulampar.is\/en_gb\/wp-json\/wp\/v2\/product\/52118","targetHints":{"allow":["GET"]}}],"collection":[{"href":"https:\/\/ilmoliulampar.is\/en_gb\/wp-json\/wp\/v2\/product"}],"about":[{"href":"https:\/\/ilmoliulampar.is\/en_gb\/wp-json\/wp\/v2\/types\/product"}],"replies":[{"embeddable":true,"href":"https:\/\/ilmoliulampar.is\/en_gb\/wp-json\/wp\/v2\/comments?post=52118"}],"wp:featuredmedia":[{"embeddable":true,"href":"https:\/\/ilmoliulampar.is\/en_gb\/wp-json\/wp\/v2\/media\/39690"}],"wp:attachment":[{"href":"https:\/\/ilmoliulampar.is\/en_gb\/wp-json\/wp\/v2\/media?parent=52118"}],"wp:term":[{"taxonomy":"product_brand","embeddable":true,"href":"https:\/\/ilmoliulampar.is\/en_gb\/wp-json\/wp\/v2\/product_brand?post=52118"},{"taxonomy":"product_cat","embeddable":true,"href":"https:\/\/ilmoliulampar.is\/en_gb\/wp-json\/wp\/v2\/product_cat?post=52118"},{"taxonomy":"product_tag","embeddable":true,"href":"https:\/\/ilmoliulampar.is\/en_gb\/wp-json\/wp\/v2\/product_tag?post=52118"}],"curies":[{"name":"wp","href":"https:\/\/api.w.org\/{rel}","templated":true}]}}