{"id":52120,"date":"2016-09-30T01:26:12","date_gmt":"2016-09-30T01:26:12","guid":{"rendered":"https:\/\/new.ilmoliulampar.is\/product\/spiknard\/"},"modified":"2024-07-12T12:51:41","modified_gmt":"2024-07-12T12:51:41","slug":"spiknard","status":"publish","type":"product","link":"https:\/\/ilmoliulampar.is\/en_gb\/product\/spiknard\/","title":{"rendered":"SPIKENARD"},"content":{"rendered":"","protected":false},"excerpt":{"rendered":"<p>Spikenard \u2013 Indverska leyndarm\u00e1li\u00f0 !<\/p>\n<p>&nbsp;<\/p>\n<p>Spikenard vex \u00ed Himalayafj\u00f6llunum \u00ed Nepal, K\u00edna og Indlandi.<\/p>\n<p>H\u00fan er mj\u00f6g vins\u00e6l um allan heim og \u00fe\u00e1 s\u00e9rstaklega \u00ed Indlandi, \u00fear er h\u00fan \u00a0notu\u00f0 \u00ed td. ilmv\u00f6tn,sjamp\u00f3, h\u00fa\u00f0v\u00f6rur, sem lyf, \u00ed tr\u00faarathafnir og \u00ed huglei\u00f0slu.<\/p>\n<p>Spikenard er miki\u00f0 \u00a0notu\u00f0 \u00a0til \u00feess a\u00f0 vi\u00f0halda fallegri h\u00fa\u00f0 og er s\u00e9rstaklega g\u00f3\u00f0 vi\u00f0 allskonar h\u00fa\u00f0vandam\u00e1lum,h\u00fan er sveppadrepandi og s\u00f3tthreinsandi,<\/p>\n<p>g\u00f3\u00f0 vi\u00f0 Psoriasis, \u00feurri h\u00fa\u00f0 og einnig er h\u00fan kl\u00e1\u00f0astillandi, gr\u00e6\u00f0andi og er \u00fev\u00ed s\u00e9rstaklega g\u00f3\u00f0 \u00e1 s\u00e1r \u00fear sem h\u00fan hj\u00e1lpar \u00feeim a\u00f0 gr\u00f3a og heldur \u00feeim hreinum.<\/p>\n<p>Einnig er \u00e6\u00f0islegt er a\u00f0 anda a\u00f0 s\u00e9r Spikenard \u00feegar ma\u00f0ur er me\u00f0 flensu, hita e\u00f0a s\u00fdkingar h\u00fan styrkir \u00a0\u00f3n\u00e6miskerfi\u00f0 og hj\u00e1lpar \u00f6llum kerfum l\u00edkamanns a\u00f0 starfa e\u00f0lilega.<\/p>\n<p>Spikenard sl\u00e6r \u00e1 kv\u00ed\u00f0a, \u00feunglyndi,streitu og hefur r\u00f3andi \u00e1hrif \u00e1 b\u00e6\u00f0i l\u00edkama og s\u00e1l.<\/p>\n<p>&nbsp;<\/p>\n<p>Spikenard blandast mj\u00f6g vel me\u00f0 Frankincense, Lavender, Myrrh, Sage og fleirum ilmjarnaol\u00edum.<\/p>\n<p>&nbsp;<\/p>","protected":false},"featured_media":39709,"comment_status":"closed","ping_status":"open","template":"","meta":[],"product_brand":[],"product_cat":[224,108],"product_tag":[],"class_list":{"0":"post-52120","1":"product","2":"type-product","3":"status-publish","4":"has-post-thumbnail","6":"product_cat-ilmkjarnaoliur-oliur","7":"product_cat-oliur","9":"first","10":"instock","11":"shipping-taxable","12":"purchasable","13":"product-type-simple"},"_links":{"self":[{"href":"https:\/\/ilmoliulampar.is\/en_gb\/wp-json\/wp\/v2\/product\/52120","targetHints":{"allow":["GET"]}}],"collection":[{"href":"https:\/\/ilmoliulampar.is\/en_gb\/wp-json\/wp\/v2\/product"}],"about":[{"href":"https:\/\/ilmoliulampar.is\/en_gb\/wp-json\/wp\/v2\/types\/product"}],"replies":[{"embeddable":true,"href":"https:\/\/ilmoliulampar.is\/en_gb\/wp-json\/wp\/v2\/comments?post=52120"}],"wp:featuredmedia":[{"embeddable":true,"href":"https:\/\/ilmoliulampar.is\/en_gb\/wp-json\/wp\/v2\/media\/39709"}],"wp:attachment":[{"href":"https:\/\/ilmoliulampar.is\/en_gb\/wp-json\/wp\/v2\/media?parent=52120"}],"wp:term":[{"taxonomy":"product_brand","embeddable":true,"href":"https:\/\/ilmoliulampar.is\/en_gb\/wp-json\/wp\/v2\/product_brand?post=52120"},{"taxonomy":"product_cat","embeddable":true,"href":"https:\/\/ilmoliulampar.is\/en_gb\/wp-json\/wp\/v2\/product_cat?post=52120"},{"taxonomy":"product_tag","embeddable":true,"href":"https:\/\/ilmoliulampar.is\/en_gb\/wp-json\/wp\/v2\/product_tag?post=52120"}],"curies":[{"name":"wp","href":"https:\/\/api.w.org\/{rel}","templated":true}]}}