{"id":52121,"date":"2016-09-30T13:28:10","date_gmt":"2016-09-30T13:28:10","guid":{"rendered":"https:\/\/new.ilmoliulampar.is\/product\/aroma-therapy\/"},"modified":"2025-07-15T16:31:16","modified_gmt":"2025-07-15T16:31:16","slug":"aroma-therapy","status":"publish","type":"product","link":"https:\/\/ilmoliulampar.is\/en_gb\/product\/aroma-therapy\/","title":{"rendered":"AROMA THERAPY"},"content":{"rendered":"","protected":false},"excerpt":{"rendered":"<p>\u00deessi ol\u00eda er \u00f3tr\u00falega mild, \u00fe\u00e6gileg og gott a\u00f0 hafa \u00ed kringum sig. Blanda af Lavender, s\u00edtrus og \u00f6rlitlu musk. Ein sem er d\u00e1l\u00edti\u00f0 upp\u00e1halds \ud83d\ude42<\/p>\n<p>&nbsp;<\/p>","protected":false},"featured_media":39719,"comment_status":"closed","ping_status":"closed","template":"","meta":[],"product_brand":[],"product_cat":[195,108],"product_tag":[],"class_list":{"0":"post-52121","1":"product","2":"type-product","3":"status-publish","4":"has-post-thumbnail","6":"product_cat-ilmoliur-oliur","7":"product_cat-oliur","9":"first","10":"instock","11":"sale","12":"shipping-taxable","13":"purchasable","14":"product-type-simple"},"_links":{"self":[{"href":"https:\/\/ilmoliulampar.is\/en_gb\/wp-json\/wp\/v2\/product\/52121","targetHints":{"allow":["GET"]}}],"collection":[{"href":"https:\/\/ilmoliulampar.is\/en_gb\/wp-json\/wp\/v2\/product"}],"about":[{"href":"https:\/\/ilmoliulampar.is\/en_gb\/wp-json\/wp\/v2\/types\/product"}],"replies":[{"embeddable":true,"href":"https:\/\/ilmoliulampar.is\/en_gb\/wp-json\/wp\/v2\/comments?post=52121"}],"wp:featuredmedia":[{"embeddable":true,"href":"https:\/\/ilmoliulampar.is\/en_gb\/wp-json\/wp\/v2\/media\/39719"}],"wp:attachment":[{"href":"https:\/\/ilmoliulampar.is\/en_gb\/wp-json\/wp\/v2\/media?parent=52121"}],"wp:term":[{"taxonomy":"product_brand","embeddable":true,"href":"https:\/\/ilmoliulampar.is\/en_gb\/wp-json\/wp\/v2\/product_brand?post=52121"},{"taxonomy":"product_cat","embeddable":true,"href":"https:\/\/ilmoliulampar.is\/en_gb\/wp-json\/wp\/v2\/product_cat?post=52121"},{"taxonomy":"product_tag","embeddable":true,"href":"https:\/\/ilmoliulampar.is\/en_gb\/wp-json\/wp\/v2\/product_tag?post=52121"}],"curies":[{"name":"wp","href":"https:\/\/api.w.org\/{rel}","templated":true}]}}