{"id":52124,"date":"2016-10-11T21:42:24","date_gmt":"2016-10-11T21:42:24","guid":{"rendered":"https:\/\/new.ilmoliulampar.is\/product\/sage\/"},"modified":"2024-07-11T14:54:52","modified_gmt":"2024-07-11T14:54:52","slug":"sage","status":"publish","type":"product","link":"https:\/\/ilmoliulampar.is\/en_gb\/product\/sage\/","title":{"rendered":"SAGE"},"content":{"rendered":"","protected":false},"excerpt":{"rendered":"<p>Sage \u2013 ilmkjarnaol\u00eda<\/p>\n<p>Sage er \u00f3missandi \u00ed imkjarnaol\u00edusafni\u00f0 \u2013 en h\u00fan er unnin \u00far gufu eimingu bl\u00f3mstrandi plantna.<\/p>\n<p>&nbsp;<\/p>\n<p>Sage er oft notu\u00f0 til a\u00f0 sty\u00f0ja vi\u00f0 horm\u00f3nakerfi kvenna, enn h\u00fan er mj\u00f6g gagnleg vi\u00f0 streitu, skapsveiflum og er einstaklega r\u00f3andi \u00e1 h\u00fa\u00f0ina.<\/p>\n<p>H\u00fan er sveppadrepandi, s\u00f3tthreinsandi, g\u00f3\u00f0 fyrir meltinguna.<\/p>\n<p>&nbsp;<\/p>\n<p>Sage er l\u00edka oft notu\u00f0 vi\u00f0 huglei\u00f0slu,\u00edhugun og vi\u00f0 skapandi vinnu, h\u00fan hreinsar hugann og er s\u00e9rstaklega g\u00f3\u00f0 \u00feegar ma\u00f0ur t\u00fdnist \u00ed eigin hugsunum og vi\u00f0 andlegum erfi\u00f0leikum.<\/p>\n<p>&nbsp;<\/p>\n<p>&nbsp;<\/p>\n<p>Vins\u00e6lar lei\u00f0ir til \u00feess a\u00f0 nota Sage:<\/p>\n<p>Stresslosandi ba\u00f0: Nokkrir dropar af Sage og nokkrir dropar af Chamomile \u00fat \u00ed ba\u00f0vatni\u00f0.<\/p>\n<p>Beri\u00f0 Sage \u00e1 iljarnar til \u00feess a\u00f0 koma jafnv\u00e6gi \u00e1 horm\u00f3nafl\u00e6\u00f0i\u00f0.<\/p>\n<p>Gott er a\u00f0 setja nokkra dropa af Sage \u00fat \u00ed sjamp\u00f3i\u00f0 e\u00f0a h\u00e1rn\u00e6ringuna til \u00feess a\u00f0 styrkja h\u00e1ri\u00f0 og h\u00e1rsv\u00f6r\u00f0in.<\/p>\n<p>Vi\u00f0 huglei\u00f0slu er gott a\u00f0 nudda Sage \u00e1 enni\u00f0 fyrir ofan augabr\u00fanirnar.<\/p>\n<p>&nbsp;<\/p>\n<p>Setji\u00f0 nokkra dropa \u00ed ilmol\u00edulampann e\u00f0a 1 dropa \u00ed koddaveri\u00f0 \u00e1\u00f0ur en fari\u00f0 er a\u00f0 sofa fyrir extra g\u00f3\u00f0an n\u00e6tursvefn.<\/p>\n<p>&nbsp;<\/p>\n<p>&nbsp;<\/p>\n<p>&nbsp;<\/p>","protected":false},"featured_media":39738,"comment_status":"open","ping_status":"open","template":"","meta":[],"product_brand":[],"product_cat":[224,108],"product_tag":[],"class_list":{"0":"post-52124","1":"product","2":"type-product","3":"status-publish","4":"has-post-thumbnail","6":"product_cat-ilmkjarnaoliur-oliur","7":"product_cat-oliur","9":"first","10":"instock","11":"shipping-taxable","12":"purchasable","13":"product-type-simple"},"_links":{"self":[{"href":"https:\/\/ilmoliulampar.is\/en_gb\/wp-json\/wp\/v2\/product\/52124","targetHints":{"allow":["GET"]}}],"collection":[{"href":"https:\/\/ilmoliulampar.is\/en_gb\/wp-json\/wp\/v2\/product"}],"about":[{"href":"https:\/\/ilmoliulampar.is\/en_gb\/wp-json\/wp\/v2\/types\/product"}],"replies":[{"embeddable":true,"href":"https:\/\/ilmoliulampar.is\/en_gb\/wp-json\/wp\/v2\/comments?post=52124"}],"wp:featuredmedia":[{"embeddable":true,"href":"https:\/\/ilmoliulampar.is\/en_gb\/wp-json\/wp\/v2\/media\/39738"}],"wp:attachment":[{"href":"https:\/\/ilmoliulampar.is\/en_gb\/wp-json\/wp\/v2\/media?parent=52124"}],"wp:term":[{"taxonomy":"product_brand","embeddable":true,"href":"https:\/\/ilmoliulampar.is\/en_gb\/wp-json\/wp\/v2\/product_brand?post=52124"},{"taxonomy":"product_cat","embeddable":true,"href":"https:\/\/ilmoliulampar.is\/en_gb\/wp-json\/wp\/v2\/product_cat?post=52124"},{"taxonomy":"product_tag","embeddable":true,"href":"https:\/\/ilmoliulampar.is\/en_gb\/wp-json\/wp\/v2\/product_tag?post=52124"}],"curies":[{"name":"wp","href":"https:\/\/api.w.org\/{rel}","templated":true}]}}