{"id":52127,"date":"2016-10-13T23:45:00","date_gmt":"2016-10-13T23:45:00","guid":{"rendered":"https:\/\/new.ilmoliulampar.is\/product\/jol-christmas-morning\/"},"modified":"2025-07-15T17:19:49","modified_gmt":"2025-07-15T17:19:49","slug":"jol-christmas-morning","status":"publish","type":"product","link":"https:\/\/ilmoliulampar.is\/en_gb\/product\/jol-christmas-morning\/","title":{"rendered":"Christmas Morning"},"content":{"rendered":"","protected":false},"excerpt":{"rendered":"<p>\u00cdmynda\u00f0u \u00fe\u00e9r j\u00f3ladagsmorgun\u2026. \u00dea\u00f0 snj\u00f3ar st\u00f3rum j\u00f3lalegum flygsum, \u00fe\u00fa finnur ilminn af j\u00f3latr\u00e9inu, nammist\u00f6fum og finnur hl\u00fdjuna fr\u00e1 arineldinum.<br \/>\n\u00deessi er EKTA J\u00d3LA.<\/p>","protected":false},"featured_media":39753,"comment_status":"closed","ping_status":"closed","template":"","meta":[],"product_brand":[],"product_cat":[197,108],"product_tag":[],"class_list":{"0":"post-52127","1":"product","2":"type-product","3":"status-publish","4":"has-post-thumbnail","6":"product_cat-jolaoliur-oliur","7":"product_cat-oliur","9":"first","10":"instock","11":"shipping-taxable","12":"purchasable","13":"product-type-simple"},"_links":{"self":[{"href":"https:\/\/ilmoliulampar.is\/en_gb\/wp-json\/wp\/v2\/product\/52127","targetHints":{"allow":["GET"]}}],"collection":[{"href":"https:\/\/ilmoliulampar.is\/en_gb\/wp-json\/wp\/v2\/product"}],"about":[{"href":"https:\/\/ilmoliulampar.is\/en_gb\/wp-json\/wp\/v2\/types\/product"}],"replies":[{"embeddable":true,"href":"https:\/\/ilmoliulampar.is\/en_gb\/wp-json\/wp\/v2\/comments?post=52127"}],"wp:featuredmedia":[{"embeddable":true,"href":"https:\/\/ilmoliulampar.is\/en_gb\/wp-json\/wp\/v2\/media\/39753"}],"wp:attachment":[{"href":"https:\/\/ilmoliulampar.is\/en_gb\/wp-json\/wp\/v2\/media?parent=52127"}],"wp:term":[{"taxonomy":"product_brand","embeddable":true,"href":"https:\/\/ilmoliulampar.is\/en_gb\/wp-json\/wp\/v2\/product_brand?post=52127"},{"taxonomy":"product_cat","embeddable":true,"href":"https:\/\/ilmoliulampar.is\/en_gb\/wp-json\/wp\/v2\/product_cat?post=52127"},{"taxonomy":"product_tag","embeddable":true,"href":"https:\/\/ilmoliulampar.is\/en_gb\/wp-json\/wp\/v2\/product_tag?post=52127"}],"curies":[{"name":"wp","href":"https:\/\/api.w.org\/{rel}","templated":true}]}}