{"id":52144,"date":"2017-01-16T20:33:53","date_gmt":"2017-01-16T20:33:53","guid":{"rendered":"https:\/\/new.ilmoliulampar.is\/product\/okkar-thieves-blanda\/"},"modified":"2025-01-24T13:17:05","modified_gmt":"2025-01-24T13:17:05","slug":"okkar-thieves-blanda","status":"publish","type":"product","link":"https:\/\/ilmoliulampar.is\/en_gb\/product\/okkar-thieves-blanda\/","title":{"rendered":"Okkar Thieves blanda &#8211; Flensuol\u00eda"},"content":{"rendered":"","protected":false},"excerpt":{"rendered":"<p>\u00deetta er okkar eigin blanda af Thieves, ekki rugla henni saman vi\u00f0 Young living &#8211; \u00feetta er ekki sama ol\u00edan. Blandan okkar er mj\u00f6g bakter\u00edudrepandi, s\u00f3tthreinsandi, styrkir \u00f3n\u00e6miskerfi\u00f0, dregur \u00far sl\u00edmmyndun og virkar alveg einstaklega vel \u00e1 hverskonar slappleika, kvef, flensu ofl. \u00de\u00e9r er alveg \u00f3h\u00e6tt a\u00f0 nota hana \u00ed svefnherberginu yfir n\u00f3ttina, hvort sem \u00fea\u00f0 er hj\u00e1 b\u00f6rnum e\u00f0a fullor\u00f0num. Um lei\u00f0 og \u00fe\u00fa finnur fyrir einkennum \u00fe\u00e1 er gott a\u00f0 byrja strax, \u00fer\u00edfa ilmol\u00edulampann extra vel og setja svo \u00ed hann sm\u00e1 vatn og edik, l\u00e1ta hann ganga \u00feannig \u00ed ca h\u00e1lft\u00edma. \u00de\u00e1 er hann tilb\u00fainn fyrir svona virkar ol\u00edur. Settu vatn \u00ed hann og nokkra dropa af Thieves ol\u00edunni okkar &#8211; best a\u00f0 hafa \u00ed gangi yfir n\u00f3ttina. Ef \u00fe\u00fa finnur a\u00f0 \u00fe\u00fa ert a\u00f0 f\u00e1 h\u00e1lsb\u00f3lgu, settu \u00fe\u00e1 s\u00edtr\u00f3nu, hunang og 2 dropa af Thieves \u00a0okkar \u00ed \u00a0bolla af so\u00f0nu vatni. Gott a\u00f0 setja nokkra dropa \u00ed l\u00f3fana, nudda saman og bera undir iljarnar &#8211; nudda. Inniheldur: Lemon &#8211; Cinnamon &#8211; Rosemary &#8211; Eucalyptus.<\/p>","protected":false},"featured_media":39825,"comment_status":"open","ping_status":"open","template":"","meta":[],"product_brand":[],"product_cat":[224,108],"product_tag":[],"class_list":{"0":"post-52144","1":"product","2":"type-product","3":"status-publish","4":"has-post-thumbnail","6":"product_cat-ilmkjarnaoliur-oliur","7":"product_cat-oliur","9":"first","10":"instock","11":"shipping-taxable","12":"purchasable","13":"product-type-simple"},"_links":{"self":[{"href":"https:\/\/ilmoliulampar.is\/en_gb\/wp-json\/wp\/v2\/product\/52144","targetHints":{"allow":["GET"]}}],"collection":[{"href":"https:\/\/ilmoliulampar.is\/en_gb\/wp-json\/wp\/v2\/product"}],"about":[{"href":"https:\/\/ilmoliulampar.is\/en_gb\/wp-json\/wp\/v2\/types\/product"}],"replies":[{"embeddable":true,"href":"https:\/\/ilmoliulampar.is\/en_gb\/wp-json\/wp\/v2\/comments?post=52144"}],"wp:featuredmedia":[{"embeddable":true,"href":"https:\/\/ilmoliulampar.is\/en_gb\/wp-json\/wp\/v2\/media\/39825"}],"wp:attachment":[{"href":"https:\/\/ilmoliulampar.is\/en_gb\/wp-json\/wp\/v2\/media?parent=52144"}],"wp:term":[{"taxonomy":"product_brand","embeddable":true,"href":"https:\/\/ilmoliulampar.is\/en_gb\/wp-json\/wp\/v2\/product_brand?post=52144"},{"taxonomy":"product_cat","embeddable":true,"href":"https:\/\/ilmoliulampar.is\/en_gb\/wp-json\/wp\/v2\/product_cat?post=52144"},{"taxonomy":"product_tag","embeddable":true,"href":"https:\/\/ilmoliulampar.is\/en_gb\/wp-json\/wp\/v2\/product_tag?post=52144"}],"curies":[{"name":"wp","href":"https:\/\/api.w.org\/{rel}","templated":true}]}}