{"id":52145,"date":"2017-01-16T20:43:23","date_gmt":"2017-01-16T20:43:23","guid":{"rendered":"https:\/\/new.ilmoliulampar.is\/product\/spearmint\/"},"modified":"2025-01-24T13:38:43","modified_gmt":"2025-01-24T13:38:43","slug":"spearmint","status":"publish","type":"product","link":"https:\/\/ilmoliulampar.is\/en_gb\/product\/spearmint\/","title":{"rendered":"Spearmint"},"content":{"rendered":"","protected":false},"excerpt":{"rendered":"<p>S\u00e6tur myntuilmur &#8211; hressandi og fr\u00edskandi. Getur haft mj\u00f6g g\u00f3\u00f0 \u00e1hrif \u00e1 \u00f3gle\u00f0i. Pr\u00f3fa\u00f0u a\u00f0 setja Spearmint \u00ed ilmol\u00edulampann, ferskt og gott loft. Rosa gott a\u00f0 blanda saman Spearmint og Eucalyptus.<\/p>","protected":false},"featured_media":39834,"comment_status":"open","ping_status":"open","template":"","meta":[],"product_brand":[],"product_cat":[224,108],"product_tag":[],"class_list":{"0":"post-52145","1":"product","2":"type-product","3":"status-publish","4":"has-post-thumbnail","6":"product_cat-ilmkjarnaoliur-oliur","7":"product_cat-oliur","9":"first","10":"instock","11":"shipping-taxable","12":"purchasable","13":"product-type-simple"},"_links":{"self":[{"href":"https:\/\/ilmoliulampar.is\/en_gb\/wp-json\/wp\/v2\/product\/52145","targetHints":{"allow":["GET"]}}],"collection":[{"href":"https:\/\/ilmoliulampar.is\/en_gb\/wp-json\/wp\/v2\/product"}],"about":[{"href":"https:\/\/ilmoliulampar.is\/en_gb\/wp-json\/wp\/v2\/types\/product"}],"replies":[{"embeddable":true,"href":"https:\/\/ilmoliulampar.is\/en_gb\/wp-json\/wp\/v2\/comments?post=52145"}],"wp:featuredmedia":[{"embeddable":true,"href":"https:\/\/ilmoliulampar.is\/en_gb\/wp-json\/wp\/v2\/media\/39834"}],"wp:attachment":[{"href":"https:\/\/ilmoliulampar.is\/en_gb\/wp-json\/wp\/v2\/media?parent=52145"}],"wp:term":[{"taxonomy":"product_brand","embeddable":true,"href":"https:\/\/ilmoliulampar.is\/en_gb\/wp-json\/wp\/v2\/product_brand?post=52145"},{"taxonomy":"product_cat","embeddable":true,"href":"https:\/\/ilmoliulampar.is\/en_gb\/wp-json\/wp\/v2\/product_cat?post=52145"},{"taxonomy":"product_tag","embeddable":true,"href":"https:\/\/ilmoliulampar.is\/en_gb\/wp-json\/wp\/v2\/product_tag?post=52145"}],"curies":[{"name":"wp","href":"https:\/\/api.w.org\/{rel}","templated":true}]}}