{"id":52149,"date":"2017-01-19T23:56:08","date_gmt":"2017-01-19T23:56:08","guid":{"rendered":"https:\/\/new.ilmoliulampar.is\/product\/cozy-cabin\/"},"modified":"2026-03-11T14:18:45","modified_gmt":"2026-03-11T14:18:45","slug":"cozy-cabin","status":"publish","type":"product","link":"https:\/\/ilmoliulampar.is\/en_gb\/product\/cozy-cabin\/","title":{"rendered":"COZY CABIN &#8211; YANKEE TYPE"},"content":{"rendered":"","protected":false},"excerpt":{"rendered":"<p>Cozy Cabin, Yankee type &#8211; <strong><em>ilmol\u00eda<\/em><\/strong><\/p>\n<p>Ef \u00feig langar \u00ed eina r\u00f3mant\u00edska \u00fe\u00e1 er Cozy cabin \u00f6rugglega eitthva\u00f0 fyrir \u00feig. Hreinn, brakandi og ferskur, en samt svo k\u00f3s\u00fd. \u00a0Bergamot, raspberry, eucalyptus, sm\u00e1 fersk mynta, furun\u00e1lar, sedrusvi\u00f0ur og p\u00ednu musk.<\/p>\n<p>&nbsp;<\/p>\n<p>&nbsp;<\/p>\n<p>&nbsp;<\/p>\n<p><em>(Athugi\u00f0, um er a\u00f0 r\u00e6\u00f0a ilmol\u00edu, ekki kerti, myndin er til \u00feess eins a\u00f0 l\u00fdsa ilminum sem \u00e1tt er vi\u00f0)<\/em><\/p>","protected":false},"featured_media":39857,"comment_status":"closed","ping_status":"closed","template":"","meta":[],"product_brand":[],"product_cat":[195,197,108],"product_tag":[],"class_list":{"0":"post-52149","1":"product","2":"type-product","3":"status-publish","4":"has-post-thumbnail","6":"product_cat-ilmoliur-oliur","7":"product_cat-jolaoliur-oliur","8":"product_cat-oliur","10":"first","11":"instock","12":"shipping-taxable","13":"purchasable","14":"product-type-simple"},"_links":{"self":[{"href":"https:\/\/ilmoliulampar.is\/en_gb\/wp-json\/wp\/v2\/product\/52149","targetHints":{"allow":["GET"]}}],"collection":[{"href":"https:\/\/ilmoliulampar.is\/en_gb\/wp-json\/wp\/v2\/product"}],"about":[{"href":"https:\/\/ilmoliulampar.is\/en_gb\/wp-json\/wp\/v2\/types\/product"}],"replies":[{"embeddable":true,"href":"https:\/\/ilmoliulampar.is\/en_gb\/wp-json\/wp\/v2\/comments?post=52149"}],"wp:featuredmedia":[{"embeddable":true,"href":"https:\/\/ilmoliulampar.is\/en_gb\/wp-json\/wp\/v2\/media\/39857"}],"wp:attachment":[{"href":"https:\/\/ilmoliulampar.is\/en_gb\/wp-json\/wp\/v2\/media?parent=52149"}],"wp:term":[{"taxonomy":"product_brand","embeddable":true,"href":"https:\/\/ilmoliulampar.is\/en_gb\/wp-json\/wp\/v2\/product_brand?post=52149"},{"taxonomy":"product_cat","embeddable":true,"href":"https:\/\/ilmoliulampar.is\/en_gb\/wp-json\/wp\/v2\/product_cat?post=52149"},{"taxonomy":"product_tag","embeddable":true,"href":"https:\/\/ilmoliulampar.is\/en_gb\/wp-json\/wp\/v2\/product_tag?post=52149"}],"curies":[{"name":"wp","href":"https:\/\/api.w.org\/{rel}","templated":true}]}}