{"id":52151,"date":"2017-01-23T18:39:53","date_gmt":"2017-01-23T18:39:53","guid":{"rendered":"https:\/\/new.ilmoliulampar.is\/product\/jelly-beans\/"},"modified":"2025-08-09T12:18:30","modified_gmt":"2025-08-09T12:18:30","slug":"jelly-beans","status":"publish","type":"product","link":"https:\/\/ilmoliulampar.is\/en_gb\/product\/jelly-beans\/","title":{"rendered":"JELLY BEANS"},"content":{"rendered":"","protected":false},"excerpt":{"rendered":"<p>Svo s\u00e6t og g\u00f3\u00f0, bara svona alv\u00f6ru nammilykt \u00a0<span class=\"text_exposed_show\">\ud83d\ude0a<\/span>\u00a0 H\u00fan er svooooo g\u00f3\u00f0 \u00feessi<\/p>","protected":false},"featured_media":39879,"comment_status":"closed","ping_status":"closed","template":"","meta":[],"product_brand":[],"product_cat":[195,108],"product_tag":[],"class_list":{"0":"post-52151","1":"product","2":"type-product","3":"status-publish","4":"has-post-thumbnail","6":"product_cat-ilmoliur-oliur","7":"product_cat-oliur","9":"first","10":"instock","11":"shipping-taxable","12":"purchasable","13":"product-type-simple"},"_links":{"self":[{"href":"https:\/\/ilmoliulampar.is\/en_gb\/wp-json\/wp\/v2\/product\/52151","targetHints":{"allow":["GET"]}}],"collection":[{"href":"https:\/\/ilmoliulampar.is\/en_gb\/wp-json\/wp\/v2\/product"}],"about":[{"href":"https:\/\/ilmoliulampar.is\/en_gb\/wp-json\/wp\/v2\/types\/product"}],"replies":[{"embeddable":true,"href":"https:\/\/ilmoliulampar.is\/en_gb\/wp-json\/wp\/v2\/comments?post=52151"}],"wp:featuredmedia":[{"embeddable":true,"href":"https:\/\/ilmoliulampar.is\/en_gb\/wp-json\/wp\/v2\/media\/39879"}],"wp:attachment":[{"href":"https:\/\/ilmoliulampar.is\/en_gb\/wp-json\/wp\/v2\/media?parent=52151"}],"wp:term":[{"taxonomy":"product_brand","embeddable":true,"href":"https:\/\/ilmoliulampar.is\/en_gb\/wp-json\/wp\/v2\/product_brand?post=52151"},{"taxonomy":"product_cat","embeddable":true,"href":"https:\/\/ilmoliulampar.is\/en_gb\/wp-json\/wp\/v2\/product_cat?post=52151"},{"taxonomy":"product_tag","embeddable":true,"href":"https:\/\/ilmoliulampar.is\/en_gb\/wp-json\/wp\/v2\/product_tag?post=52151"}],"curies":[{"name":"wp","href":"https:\/\/api.w.org\/{rel}","templated":true}]}}