{"id":52152,"date":"2017-01-24T10:35:07","date_gmt":"2017-01-24T10:35:07","guid":{"rendered":"https:\/\/new.ilmoliulampar.is\/product\/glitzy-girl\/"},"modified":"2025-07-16T17:58:22","modified_gmt":"2025-07-16T17:58:22","slug":"glitzy-girl","status":"publish","type":"product","link":"https:\/\/ilmoliulampar.is\/en_gb\/product\/glitzy-girl\/","title":{"rendered":"GLITZY GIRL"},"content":{"rendered":"","protected":false},"excerpt":{"rendered":"<p>\u00deetta er ein af upp\u00e1halds ol\u00edunum ! Eiginlega bara eitthva\u00f0 \u00f3tr\u00falegt \u00ed fl\u00f6sku \ud83d\ude42 \u00a0 \u00a0 \u00a0 \u00a0 \u00a0 \u00a0 Blandan er&#8230;..Rau\u00f0ir \u00e1vextir, hindber, jar\u00f0arber, tr\u00f6nuber, epli og lakkr\u00eds, p\u00ednul\u00edti\u00f0 af garden\u00edu, jasm\u00edn og skvettu af white musk.<\/p>","protected":false},"featured_media":39888,"comment_status":"closed","ping_status":"open","template":"","meta":[],"product_brand":[],"product_cat":[195,108],"product_tag":[],"class_list":{"0":"post-52152","1":"product","2":"type-product","3":"status-publish","4":"has-post-thumbnail","6":"product_cat-ilmoliur-oliur","7":"product_cat-oliur","9":"first","10":"instock","11":"shipping-taxable","12":"purchasable","13":"product-type-simple"},"_links":{"self":[{"href":"https:\/\/ilmoliulampar.is\/en_gb\/wp-json\/wp\/v2\/product\/52152","targetHints":{"allow":["GET"]}}],"collection":[{"href":"https:\/\/ilmoliulampar.is\/en_gb\/wp-json\/wp\/v2\/product"}],"about":[{"href":"https:\/\/ilmoliulampar.is\/en_gb\/wp-json\/wp\/v2\/types\/product"}],"replies":[{"embeddable":true,"href":"https:\/\/ilmoliulampar.is\/en_gb\/wp-json\/wp\/v2\/comments?post=52152"}],"wp:featuredmedia":[{"embeddable":true,"href":"https:\/\/ilmoliulampar.is\/en_gb\/wp-json\/wp\/v2\/media\/39888"}],"wp:attachment":[{"href":"https:\/\/ilmoliulampar.is\/en_gb\/wp-json\/wp\/v2\/media?parent=52152"}],"wp:term":[{"taxonomy":"product_brand","embeddable":true,"href":"https:\/\/ilmoliulampar.is\/en_gb\/wp-json\/wp\/v2\/product_brand?post=52152"},{"taxonomy":"product_cat","embeddable":true,"href":"https:\/\/ilmoliulampar.is\/en_gb\/wp-json\/wp\/v2\/product_cat?post=52152"},{"taxonomy":"product_tag","embeddable":true,"href":"https:\/\/ilmoliulampar.is\/en_gb\/wp-json\/wp\/v2\/product_tag?post=52152"}],"curies":[{"name":"wp","href":"https:\/\/api.w.org\/{rel}","templated":true}]}}