{"id":52154,"date":"2017-01-24T22:49:56","date_gmt":"2017-01-24T22:49:56","guid":{"rendered":"https:\/\/new.ilmoliulampar.is\/product\/coconut-milk-lavender\/"},"modified":"2025-07-15T17:22:53","modified_gmt":"2025-07-15T17:22:53","slug":"coconut-milk-lavender","status":"publish","type":"product","link":"https:\/\/ilmoliulampar.is\/en_gb\/product\/coconut-milk-lavender\/","title":{"rendered":"COCONUT MILK &#038; LAVENDER"},"content":{"rendered":"","protected":false},"excerpt":{"rendered":"<p>COCONUT MILK AND LAVENDER. Blanda af k\u00f3kosmj\u00f3lk me\u00f0 p\u00ednu af frensh vanilla og svo lavender&#8230;&#8230;. G\u00e6ti alveg tr\u00faa\u00f0 a\u00f0 \u00feessi g\u00e6ti or\u00f0i\u00f0 ein af \u00fe\u00ednum upp\u00e1halds \ud83d\ude42<\/p>","protected":false},"featured_media":39904,"comment_status":"closed","ping_status":"open","template":"","meta":[],"product_brand":[],"product_cat":[195,108],"product_tag":[],"class_list":{"0":"post-52154","1":"product","2":"type-product","3":"status-publish","4":"has-post-thumbnail","6":"product_cat-ilmoliur-oliur","7":"product_cat-oliur","9":"first","10":"instock","11":"shipping-taxable","12":"purchasable","13":"product-type-simple"},"_links":{"self":[{"href":"https:\/\/ilmoliulampar.is\/en_gb\/wp-json\/wp\/v2\/product\/52154","targetHints":{"allow":["GET"]}}],"collection":[{"href":"https:\/\/ilmoliulampar.is\/en_gb\/wp-json\/wp\/v2\/product"}],"about":[{"href":"https:\/\/ilmoliulampar.is\/en_gb\/wp-json\/wp\/v2\/types\/product"}],"replies":[{"embeddable":true,"href":"https:\/\/ilmoliulampar.is\/en_gb\/wp-json\/wp\/v2\/comments?post=52154"}],"wp:featuredmedia":[{"embeddable":true,"href":"https:\/\/ilmoliulampar.is\/en_gb\/wp-json\/wp\/v2\/media\/39904"}],"wp:attachment":[{"href":"https:\/\/ilmoliulampar.is\/en_gb\/wp-json\/wp\/v2\/media?parent=52154"}],"wp:term":[{"taxonomy":"product_brand","embeddable":true,"href":"https:\/\/ilmoliulampar.is\/en_gb\/wp-json\/wp\/v2\/product_brand?post=52154"},{"taxonomy":"product_cat","embeddable":true,"href":"https:\/\/ilmoliulampar.is\/en_gb\/wp-json\/wp\/v2\/product_cat?post=52154"},{"taxonomy":"product_tag","embeddable":true,"href":"https:\/\/ilmoliulampar.is\/en_gb\/wp-json\/wp\/v2\/product_tag?post=52154"}],"curies":[{"name":"wp","href":"https:\/\/api.w.org\/{rel}","templated":true}]}}