{"id":52156,"date":"2017-01-25T21:42:44","date_gmt":"2017-01-25T21:42:44","guid":{"rendered":"https:\/\/new.ilmoliulampar.is\/product\/eucalyptus-spearmint\/"},"modified":"2025-10-30T17:13:57","modified_gmt":"2025-10-30T17:13:57","slug":"eucalyptus-spearmint","status":"publish","type":"product","link":"https:\/\/ilmoliulampar.is\/en_gb\/product\/eucalyptus-spearmint\/","title":{"rendered":"EUCALYPTUS &#038; SPEARMINT  &#8211; BBW"},"content":{"rendered":"","protected":false},"excerpt":{"rendered":"<p>Einn af vins\u00e6lustu ilmunum fr\u00e1 Bath &amp; Body Works &#8211; \u00deessi r\u00f3andi blanda af \u00e1str\u00f6lskum Eucalyptus, amer\u00edsku spearmint og \u00f6rlitlu af s\u00edtrus og peppermint er einstaklega \u00fe\u00e6gileg og g\u00f3\u00f0.<\/p>\n<p>&nbsp;<\/p>","protected":false},"featured_media":39923,"comment_status":"closed","ping_status":"closed","template":"","meta":[],"product_brand":[],"product_cat":[195,108],"product_tag":[],"class_list":{"0":"post-52156","1":"product","2":"type-product","3":"status-publish","4":"has-post-thumbnail","6":"product_cat-ilmoliur-oliur","7":"product_cat-oliur","9":"first","10":"instock","11":"shipping-taxable","12":"purchasable","13":"product-type-simple"},"_links":{"self":[{"href":"https:\/\/ilmoliulampar.is\/en_gb\/wp-json\/wp\/v2\/product\/52156","targetHints":{"allow":["GET"]}}],"collection":[{"href":"https:\/\/ilmoliulampar.is\/en_gb\/wp-json\/wp\/v2\/product"}],"about":[{"href":"https:\/\/ilmoliulampar.is\/en_gb\/wp-json\/wp\/v2\/types\/product"}],"replies":[{"embeddable":true,"href":"https:\/\/ilmoliulampar.is\/en_gb\/wp-json\/wp\/v2\/comments?post=52156"}],"wp:featuredmedia":[{"embeddable":true,"href":"https:\/\/ilmoliulampar.is\/en_gb\/wp-json\/wp\/v2\/media\/39923"}],"wp:attachment":[{"href":"https:\/\/ilmoliulampar.is\/en_gb\/wp-json\/wp\/v2\/media?parent=52156"}],"wp:term":[{"taxonomy":"product_brand","embeddable":true,"href":"https:\/\/ilmoliulampar.is\/en_gb\/wp-json\/wp\/v2\/product_brand?post=52156"},{"taxonomy":"product_cat","embeddable":true,"href":"https:\/\/ilmoliulampar.is\/en_gb\/wp-json\/wp\/v2\/product_cat?post=52156"},{"taxonomy":"product_tag","embeddable":true,"href":"https:\/\/ilmoliulampar.is\/en_gb\/wp-json\/wp\/v2\/product_tag?post=52156"}],"curies":[{"name":"wp","href":"https:\/\/api.w.org\/{rel}","templated":true}]}}