{"id":52158,"date":"2017-02-16T16:43:15","date_gmt":"2017-02-16T16:43:15","guid":{"rendered":"https:\/\/new.ilmoliulampar.is\/product\/kharis\/"},"modified":"2026-01-29T17:49:33","modified_gmt":"2026-01-29T17:49:33","slug":"kharis","status":"publish","type":"product","link":"https:\/\/ilmoliulampar.is\/en_gb\/product\/kharis\/","title":{"rendered":"KHARIS &#8211; ilmol\u00edulampi"},"content":{"rendered":"","protected":false},"excerpt":{"rendered":"<p>KHARIS er l\u00edtill og nettur, me\u00f0 breytilegu og mj\u00faku lj\u00f3si sem\u00a0hj\u00e1lpar \u00fe\u00e9r a\u00f0 slaka \u00e1.<\/p>\n<p>KHARIS er fr\u00e1b\u00e6r ilmgjafi sem dreyfir \u00fe\u00ednum upp\u00e1halds ilm um heimili \u00feitt \u00e1samt \u00fev\u00ed a\u00f0 gefa fr\u00e1 s\u00e9r fallega l\u00fdsingu.<br \/>\nMe\u00f0 \u00fev\u00ed a\u00f0 setja \u00ed hann vatn og nokkra dropa af ilmol\u00edu e\u00f0a ilmkjarnaol\u00edu og \u00fdta \u00e1 takka, dreyfir hann \u00e1n \u00feess \u00fe\u00f3 a\u00f0 hita, f\u00ednum \u00fa\u00f0a, ilmandi gufu \u00fat \u00ed andr\u00famslofti\u00f0 sem \u00f6rvar skynf\u00e6rin \u00a0og gerir \u00fe\u00e9r kleift a\u00f0 s\u00f6kkva inn \u00ed afslappa\u00f0an heim heilunar og jafnv\u00e6gis. \u00deetta er talin vera besta lei\u00f0in til \u00feess dreifa ilm \u00ed andr\u00famslofti\u00f0, \u00fear sem ilmol\u00edulamparnir hita EKKI ol\u00edurnar og ver\u00f0a \u00fe\u00e6r \u00fev\u00ed ekki fyrir neinum skemmdum.<\/p>\n<p>KHARIS b\u00fd\u00f0ur upp \u00e1 marga m\u00f6guleika, t\u00f6frandi lj\u00f3s sem skiptir litum, sem einnig er h\u00e6gt a\u00f0 festa inni \u00e1 einum lit, svo \u00fe\u00fa getir vali\u00f0 lit eftir \u00fe\u00ednu skapi. \u00de\u00fa getur s\u00f6kkt \u00fe\u00e9r \u00ed r\u00f3 og n\u00e6\u00f0i me\u00f0 \u00fev\u00ed a\u00f0 hafa kveikt \u00e1 b\u00e6\u00f0i lj\u00f3sinu og ilmgjafanum \u00e1 sama t\u00edma. \u00c1 n\u00e6turnar er h\u00e6gt a\u00f0 hafa sl\u00f6kkt \u00e1 lj\u00f3sinu, enn haft ilmgjafann \u00ed gangi.<\/p>\n<p>Einnig b\u00fd\u00f0ur KHARIS upp \u00e1 \u00fea\u00f0 a\u00f0 hafa einungis kveikt \u00e1 lj\u00f3sinu, tilvali\u00f0 sem n\u00e6turlj\u00f3s e\u00f0a bara sem fallegt lj\u00f3s \u00ed stofunni.<\/p>\n<p>H\u00e6gt er a\u00f0 velja stillingu \u00e1 ilmgjafanum, hvort sem um r\u00e6\u00f0ir mikinn kraft e\u00f0a l\u00edtinn, fer eftir \u00fev\u00ed hversu mikinn ilm \u00fe\u00fa vilt hafa hverju sinni.<\/p>\n<p>KHARIS slekkur \u00e1 s\u00e9r sj\u00e1lfur \u00feegar vanti\u00f0 fer undir \u00e1kve\u00f0i\u00f0 magn, sem gerir \u00fea\u00f0 a\u00f0 verkum a\u00f0 hann er algj\u00f6rlega \u00f6ruggur \u00ed notkun \u00e1 heimilum \u00fear sem b\u00f6rn og\/e\u00f0a g\u00e6lud\u00fdr eru.<\/p>\n<p>Hann er l\u00edka eins og allir hinir ilmol\u00edulamparnir fr\u00e1 okkur \u2026. Hreinsar lofti\u00f0 \u2013 er j\u00f3nat\u00e6ki og rakat\u00e6ki.<\/p>\n<p>Tekur 80 ml<br \/>\n25,6 cm \u00e1 h\u00e6\u00f0<br \/>\n9.1 \u00e1 breidd<\/p>","protected":false},"featured_media":39943,"comment_status":"closed","ping_status":"closed","template":"","meta":[],"product_brand":[],"product_cat":[182,107],"product_tag":[],"class_list":{"0":"post-52158","1":"product","2":"type-product","3":"status-publish","4":"has-post-thumbnail","6":"product_cat-ilmoliulampar","7":"product_cat-lampar","9":"first","10":"instock","11":"shipping-taxable","12":"purchasable","13":"product-type-simple"},"_links":{"self":[{"href":"https:\/\/ilmoliulampar.is\/en_gb\/wp-json\/wp\/v2\/product\/52158","targetHints":{"allow":["GET"]}}],"collection":[{"href":"https:\/\/ilmoliulampar.is\/en_gb\/wp-json\/wp\/v2\/product"}],"about":[{"href":"https:\/\/ilmoliulampar.is\/en_gb\/wp-json\/wp\/v2\/types\/product"}],"replies":[{"embeddable":true,"href":"https:\/\/ilmoliulampar.is\/en_gb\/wp-json\/wp\/v2\/comments?post=52158"}],"wp:featuredmedia":[{"embeddable":true,"href":"https:\/\/ilmoliulampar.is\/en_gb\/wp-json\/wp\/v2\/media\/39943"}],"wp:attachment":[{"href":"https:\/\/ilmoliulampar.is\/en_gb\/wp-json\/wp\/v2\/media?parent=52158"}],"wp:term":[{"taxonomy":"product_brand","embeddable":true,"href":"https:\/\/ilmoliulampar.is\/en_gb\/wp-json\/wp\/v2\/product_brand?post=52158"},{"taxonomy":"product_cat","embeddable":true,"href":"https:\/\/ilmoliulampar.is\/en_gb\/wp-json\/wp\/v2\/product_cat?post=52158"},{"taxonomy":"product_tag","embeddable":true,"href":"https:\/\/ilmoliulampar.is\/en_gb\/wp-json\/wp\/v2\/product_tag?post=52158"}],"curies":[{"name":"wp","href":"https:\/\/api.w.org\/{rel}","templated":true}]}}