{"id":52166,"date":"2017-03-04T23:52:43","date_gmt":"2017-03-04T23:52:43","guid":{"rendered":"https:\/\/new.ilmoliulampar.is\/product\/coconut-passion-by-vs\/"},"modified":"2026-03-11T13:23:59","modified_gmt":"2026-03-11T13:23:59","slug":"coconut-passion-by-vs","status":"publish","type":"product","link":"https:\/\/ilmoliulampar.is\/en_gb\/product\/coconut-passion-by-vs\/","title":{"rendered":"COCONUT PASSION &#8211; VS"},"content":{"rendered":"","protected":false},"excerpt":{"rendered":"<p>Coconut Passion fr\u00e1 Victoria&#8217;s Secret n\u00fa \u00ed <strong>ilmol\u00edu<\/strong>.<\/p>\n<p>\u00deennan ilm \u00feekkja flestir&#8230;.. Vandfundin betri k\u00f3kos ilmur!<\/p>\n<p>&nbsp;<\/p>\n<p><em>(ATH. um er a\u00f0 r\u00e6\u00f0a ilmol\u00edu, myndin er notu\u00f0 til \u00feess a\u00f0 l\u00fdsa ilminum sem vi\u00f0 er \u00e1tt)<\/em><\/p>","protected":false},"featured_media":39996,"comment_status":"closed","ping_status":"closed","template":"","meta":[],"product_brand":[],"product_cat":[195,108],"product_tag":[],"class_list":{"0":"post-52166","1":"product","2":"type-product","3":"status-publish","4":"has-post-thumbnail","6":"product_cat-ilmoliur-oliur","7":"product_cat-oliur","9":"first","10":"instock","11":"shipping-taxable","12":"purchasable","13":"product-type-simple"},"_links":{"self":[{"href":"https:\/\/ilmoliulampar.is\/en_gb\/wp-json\/wp\/v2\/product\/52166","targetHints":{"allow":["GET"]}}],"collection":[{"href":"https:\/\/ilmoliulampar.is\/en_gb\/wp-json\/wp\/v2\/product"}],"about":[{"href":"https:\/\/ilmoliulampar.is\/en_gb\/wp-json\/wp\/v2\/types\/product"}],"replies":[{"embeddable":true,"href":"https:\/\/ilmoliulampar.is\/en_gb\/wp-json\/wp\/v2\/comments?post=52166"}],"wp:featuredmedia":[{"embeddable":true,"href":"https:\/\/ilmoliulampar.is\/en_gb\/wp-json\/wp\/v2\/media\/39996"}],"wp:attachment":[{"href":"https:\/\/ilmoliulampar.is\/en_gb\/wp-json\/wp\/v2\/media?parent=52166"}],"wp:term":[{"taxonomy":"product_brand","embeddable":true,"href":"https:\/\/ilmoliulampar.is\/en_gb\/wp-json\/wp\/v2\/product_brand?post=52166"},{"taxonomy":"product_cat","embeddable":true,"href":"https:\/\/ilmoliulampar.is\/en_gb\/wp-json\/wp\/v2\/product_cat?post=52166"},{"taxonomy":"product_tag","embeddable":true,"href":"https:\/\/ilmoliulampar.is\/en_gb\/wp-json\/wp\/v2\/product_tag?post=52166"}],"curies":[{"name":"wp","href":"https:\/\/api.w.org\/{rel}","templated":true}]}}