{"id":52174,"date":"2017-03-22T15:56:39","date_gmt":"2017-03-22T15:56:39","guid":{"rendered":"https:\/\/new.ilmoliulampar.is\/product\/charcoal-tannhvittunarduft\/"},"modified":"2023-03-24T00:08:55","modified_gmt":"2023-03-24T00:08:55","slug":"charcoal-tannhvittunarduft","status":"publish","type":"product","link":"https:\/\/ilmoliulampar.is\/en_gb\/product\/charcoal-tannhvittunarduft\/","title":{"rendered":"CHARCOAL &#8211; TANNHV\u00cdTTUNARDUFT m\/ tannbursta"},"content":{"rendered":"","protected":false},"excerpt":{"rendered":"<p>N\u00e1tt\u00farulegt hv\u00edttunarefni<br \/>\nStyrkir glerunginn og afeitrar munninn, gerir andardr\u00e1ttinn betri og ferskari.<br \/>\n\u00de\u00fa einfaldlega d\u00fdfir tannburstanum \u00ed dufti\u00f0 og burstar tennurnar me\u00f0 litlum hringlaga hreyfingum \u00ed ca 2 m\u00edn &#8211; skolar og brosir \ud83d\ude42<br \/>\nFinnur strax muninn hva\u00f0 tennurnar ver\u00f0a miklu hreinni og ferskari.<br \/>\nS\u00e9r\u00f0 l\u00edka strax litamun, sem ver\u00f0ur meiri eftir nokkur skipti.<br \/>\nMj\u00f6g brag\u00f0gott &#8211; myntubrag\u00f0.<br \/>\nInniheldur: m.a mulda k\u00f3koshnetuskel, hreinsu\u00f0 lyfjakol, l\u00edfr\u00e6na k\u00f3kosol\u00edu, s\u00edtr\u00f3nulauf og myntu<\/p>\n<p>&nbsp;<\/p>\n<p>&nbsp;<\/p>","protected":false},"featured_media":40129,"comment_status":"closed","ping_status":"open","template":"","meta":[],"product_brand":[],"product_cat":[112],"product_tag":[],"class_list":{"0":"post-52174","1":"product","2":"type-product","3":"status-publish","4":"has-post-thumbnail","6":"product_cat-adrar-vorur","8":"first","9":"instock","10":"shipping-taxable","11":"purchasable","12":"product-type-simple"},"_links":{"self":[{"href":"https:\/\/ilmoliulampar.is\/en_gb\/wp-json\/wp\/v2\/product\/52174","targetHints":{"allow":["GET"]}}],"collection":[{"href":"https:\/\/ilmoliulampar.is\/en_gb\/wp-json\/wp\/v2\/product"}],"about":[{"href":"https:\/\/ilmoliulampar.is\/en_gb\/wp-json\/wp\/v2\/types\/product"}],"replies":[{"embeddable":true,"href":"https:\/\/ilmoliulampar.is\/en_gb\/wp-json\/wp\/v2\/comments?post=52174"}],"wp:featuredmedia":[{"embeddable":true,"href":"https:\/\/ilmoliulampar.is\/en_gb\/wp-json\/wp\/v2\/media\/40129"}],"wp:attachment":[{"href":"https:\/\/ilmoliulampar.is\/en_gb\/wp-json\/wp\/v2\/media?parent=52174"}],"wp:term":[{"taxonomy":"product_brand","embeddable":true,"href":"https:\/\/ilmoliulampar.is\/en_gb\/wp-json\/wp\/v2\/product_brand?post=52174"},{"taxonomy":"product_cat","embeddable":true,"href":"https:\/\/ilmoliulampar.is\/en_gb\/wp-json\/wp\/v2\/product_cat?post=52174"},{"taxonomy":"product_tag","embeddable":true,"href":"https:\/\/ilmoliulampar.is\/en_gb\/wp-json\/wp\/v2\/product_tag?post=52174"}],"curies":[{"name":"wp","href":"https:\/\/api.w.org\/{rel}","templated":true}]}}