{"id":52176,"date":"2017-04-24T10:32:34","date_gmt":"2017-04-24T10:32:34","guid":{"rendered":"https:\/\/new.ilmoliulampar.is\/product\/black-kerti\/"},"modified":"2026-01-27T13:22:38","modified_gmt":"2026-01-27T13:22:38","slug":"black-kerti","status":"publish","type":"product","link":"https:\/\/ilmoliulampar.is\/en_gb\/product\/black-kerti\/","title":{"rendered":"Black &#8211; ilmkerti"},"content":{"rendered":"","protected":false},"excerpt":{"rendered":"<p>Einstaklega vanda\u00f0\u00a0 ilmkerti, handgert \u00e1 \u00cdtal\u00edu, me\u00f0 vins\u00e6la ilminum okkar Black sem er sei\u00f0andi og a\u00f0la\u00f0andi ilmur, karlmannlegur en a\u00f0 sama skapi lj\u00fafur. Fersk mynta og lavender, blanda\u00f0 me\u00f0 v\u00e6gu kryddi og m\u00fdkt upp me\u00f0 vanillu. Algj\u00f6rlega \u00f3m\u00f3tst\u00e6\u00f0ilegur.<\/p>\n<p>Kertin eru ger\u00f0 \u00far 100% n\u00e1tt\u00farulegu vaxi og kerta\u00fer\u00e1\u00f0urinn er \u00far l\u00edfr\u00e6nni b\u00f3mull.<\/p>\n<p>Black ilmkerti\u00f0 kemur \u00ed fallegum umb\u00fa\u00f0um og er \u00fev\u00ed tilvalin t\u00e6kif\u00e6risgj\u00f6f.<\/p>\n<p>Dugar \u00ed allt a\u00f0 45klst<\/p>\n<p>250gr<\/p>","protected":false},"featured_media":46258,"comment_status":"closed","ping_status":"closed","template":"","meta":[],"product_brand":[],"product_cat":[201],"product_tag":[],"class_list":{"0":"post-52176","1":"product","2":"type-product","3":"status-publish","4":"has-post-thumbnail","6":"product_cat-ilmkerti-2","8":"first","9":"instock","10":"shipping-taxable","11":"purchasable","12":"product-type-simple"},"_links":{"self":[{"href":"https:\/\/ilmoliulampar.is\/en_gb\/wp-json\/wp\/v2\/product\/52176","targetHints":{"allow":["GET"]}}],"collection":[{"href":"https:\/\/ilmoliulampar.is\/en_gb\/wp-json\/wp\/v2\/product"}],"about":[{"href":"https:\/\/ilmoliulampar.is\/en_gb\/wp-json\/wp\/v2\/types\/product"}],"replies":[{"embeddable":true,"href":"https:\/\/ilmoliulampar.is\/en_gb\/wp-json\/wp\/v2\/comments?post=52176"}],"wp:featuredmedia":[{"embeddable":true,"href":"https:\/\/ilmoliulampar.is\/en_gb\/wp-json\/wp\/v2\/media\/46258"}],"wp:attachment":[{"href":"https:\/\/ilmoliulampar.is\/en_gb\/wp-json\/wp\/v2\/media?parent=52176"}],"wp:term":[{"taxonomy":"product_brand","embeddable":true,"href":"https:\/\/ilmoliulampar.is\/en_gb\/wp-json\/wp\/v2\/product_brand?post=52176"},{"taxonomy":"product_cat","embeddable":true,"href":"https:\/\/ilmoliulampar.is\/en_gb\/wp-json\/wp\/v2\/product_cat?post=52176"},{"taxonomy":"product_tag","embeddable":true,"href":"https:\/\/ilmoliulampar.is\/en_gb\/wp-json\/wp\/v2\/product_tag?post=52176"}],"curies":[{"name":"wp","href":"https:\/\/api.w.org\/{rel}","templated":true}]}}