{"id":52189,"date":"2017-06-27T21:30:20","date_gmt":"2017-06-27T21:30:20","guid":{"rendered":"https:\/\/new.ilmoliulampar.is\/product\/ego-by-sonya-pink-himalayan-salt-scrub\/"},"modified":"2025-09-04T13:01:28","modified_gmt":"2025-09-04T13:01:28","slug":"ego-by-sonya-pink-himalayan-salt-scrub","status":"publish","type":"product","link":"https:\/\/ilmoliulampar.is\/en_gb\/product\/ego-by-sonya-pink-himalayan-salt-scrub\/","title":{"rendered":"Eco by Sonya &#8211; Pink Himalayan Salt Scrub"},"content":{"rendered":"","protected":false},"excerpt":{"rendered":"<p>Pink Himalayan Salt Scrub er fullkomin fyrir \u00fe\u00e6r sem vilja extra mj\u00faka og fallega h\u00fa\u00f0. Blanda af lemongrass, k\u00f3kosol\u00edu og macadamia ol\u00edu n\u00e6rir og hreinsar h\u00fa\u00f0ina.Vinnur \u00e1 appels\u00ednuh\u00fa\u00f0, h\u00fa\u00f0sliti, \u00feurri h\u00fa\u00f0 og er h\u00e6gt a\u00f0 nota b\u00e6\u00f0i \u00e1 l\u00edkama og andlit.<\/p>\n<p>Fyrir besta virkni, beri\u00f0 \u00e1 h\u00fa\u00f0ina og nuddi\u00f0 vel fyrir sturtu e\u00f0a ba\u00f0.<\/p>\n<p>Himalayan Salt Scrub virkar einnig vel til a\u00f0 hreinsa br\u00fanku e\u00f0a til a\u00f0 undirb\u00faa h\u00fa\u00f0ina \u00e1\u00f0ur en Invisible Tan er nota\u00f0.<\/p>","protected":false},"featured_media":56885,"comment_status":"closed","ping_status":"closed","template":"","meta":[],"product_brand":[],"product_cat":[112,129],"product_tag":[],"class_list":{"0":"post-52189","1":"product","2":"type-product","3":"status-publish","4":"has-post-thumbnail","6":"product_cat-adrar-vorur","7":"product_cat-eco-by-sonya","9":"first","10":"instock","11":"shipping-taxable","12":"purchasable","13":"product-type-simple"},"_links":{"self":[{"href":"https:\/\/ilmoliulampar.is\/en_gb\/wp-json\/wp\/v2\/product\/52189","targetHints":{"allow":["GET"]}}],"collection":[{"href":"https:\/\/ilmoliulampar.is\/en_gb\/wp-json\/wp\/v2\/product"}],"about":[{"href":"https:\/\/ilmoliulampar.is\/en_gb\/wp-json\/wp\/v2\/types\/product"}],"replies":[{"embeddable":true,"href":"https:\/\/ilmoliulampar.is\/en_gb\/wp-json\/wp\/v2\/comments?post=52189"}],"wp:featuredmedia":[{"embeddable":true,"href":"https:\/\/ilmoliulampar.is\/en_gb\/wp-json\/wp\/v2\/media\/56885"}],"wp:attachment":[{"href":"https:\/\/ilmoliulampar.is\/en_gb\/wp-json\/wp\/v2\/media?parent=52189"}],"wp:term":[{"taxonomy":"product_brand","embeddable":true,"href":"https:\/\/ilmoliulampar.is\/en_gb\/wp-json\/wp\/v2\/product_brand?post=52189"},{"taxonomy":"product_cat","embeddable":true,"href":"https:\/\/ilmoliulampar.is\/en_gb\/wp-json\/wp\/v2\/product_cat?post=52189"},{"taxonomy":"product_tag","embeddable":true,"href":"https:\/\/ilmoliulampar.is\/en_gb\/wp-json\/wp\/v2\/product_tag?post=52189"}],"curies":[{"name":"wp","href":"https:\/\/api.w.org\/{rel}","templated":true}]}}