{"id":52190,"date":"2017-06-27T21:33:26","date_gmt":"2017-06-27T21:33:26","guid":{"rendered":"https:\/\/new.ilmoliulampar.is\/product\/ego-by-sonya-ego-organic-coconut-body-milk\/"},"modified":"2025-09-04T13:01:28","modified_gmt":"2025-09-04T13:01:28","slug":"ego-by-sonya-ego-organic-coconut-body-milk","status":"publish","type":"product","link":"https:\/\/ilmoliulampar.is\/en_gb\/product\/ego-by-sonya-ego-organic-coconut-body-milk\/","title":{"rendered":"Eco by Sonya &#8211; Eco Organic Coconut Body Milk"},"content":{"rendered":"","protected":false},"excerpt":{"rendered":"<p>V\u00f6ndu\u00f0 vara fr\u00e1 Eco By Sonya \u2013 Coconut Body Milk<\/p>\n<p>N\u00e6rir h\u00fa\u00f0ina \u00e1 einstakan h\u00e1tt og hefur sanna\u00f0 sig sem g\u00f3\u00f0a lausn vi\u00f0 h\u00fa\u00f0vandam\u00e1lum\u00a0s.s. \u00feurrk, exemi o.fl.<\/p>\n<p>M\u00fdkir og gefur g\u00f3\u00f0an raka. 100% n\u00e1tt\u00faruleg og l\u00edfr\u00e6n vara sem \u00f6ll fj\u00f6lskyldan getur nota\u00f0.<\/p>\n<p>Hj\u00e1lpar a\u00f0 vi\u00f0halda br\u00fanku.<\/p>\n<p><span style=\"color: #696969;\">100% n\u00e1tt\u00farleg | 100% l\u00edfr\u00e6n | 100% vegan<\/span><\/p>","protected":false},"featured_media":56890,"comment_status":"closed","ping_status":"closed","template":"","meta":[],"product_brand":[],"product_cat":[112,129],"product_tag":[],"class_list":{"0":"post-52190","1":"product","2":"type-product","3":"status-publish","4":"has-post-thumbnail","6":"product_cat-adrar-vorur","7":"product_cat-eco-by-sonya","9":"first","10":"instock","11":"shipping-taxable","12":"purchasable","13":"product-type-simple"},"_links":{"self":[{"href":"https:\/\/ilmoliulampar.is\/en_gb\/wp-json\/wp\/v2\/product\/52190","targetHints":{"allow":["GET"]}}],"collection":[{"href":"https:\/\/ilmoliulampar.is\/en_gb\/wp-json\/wp\/v2\/product"}],"about":[{"href":"https:\/\/ilmoliulampar.is\/en_gb\/wp-json\/wp\/v2\/types\/product"}],"replies":[{"embeddable":true,"href":"https:\/\/ilmoliulampar.is\/en_gb\/wp-json\/wp\/v2\/comments?post=52190"}],"wp:featuredmedia":[{"embeddable":true,"href":"https:\/\/ilmoliulampar.is\/en_gb\/wp-json\/wp\/v2\/media\/56890"}],"wp:attachment":[{"href":"https:\/\/ilmoliulampar.is\/en_gb\/wp-json\/wp\/v2\/media?parent=52190"}],"wp:term":[{"taxonomy":"product_brand","embeddable":true,"href":"https:\/\/ilmoliulampar.is\/en_gb\/wp-json\/wp\/v2\/product_brand?post=52190"},{"taxonomy":"product_cat","embeddable":true,"href":"https:\/\/ilmoliulampar.is\/en_gb\/wp-json\/wp\/v2\/product_cat?post=52190"},{"taxonomy":"product_tag","embeddable":true,"href":"https:\/\/ilmoliulampar.is\/en_gb\/wp-json\/wp\/v2\/product_tag?post=52190"}],"curies":[{"name":"wp","href":"https:\/\/api.w.org\/{rel}","templated":true}]}}