{"id":52222,"date":"2017-09-26T15:00:16","date_gmt":"2017-09-26T15:00:16","guid":{"rendered":"https:\/\/new.ilmoliulampar.is\/product\/cinnamon-bun\/"},"modified":"2025-10-30T17:33:11","modified_gmt":"2025-10-30T17:33:11","slug":"cinnamon-bun","status":"publish","type":"product","link":"https:\/\/ilmoliulampar.is\/en_gb\/product\/cinnamon-bun\/","title":{"rendered":"CINNAMON BUN"},"content":{"rendered":"","protected":false},"excerpt":{"rendered":"<p>Cinnamon Bun er eina ilmol\u00edan sem lyktar eins og n\u00fdbaka\u00f0ur kanilsn\u00fa\u00f0ur me\u00f0 heitri karamellu og hv\u00edtu glass\u00fari!<\/p>\n<p>&nbsp;<\/p>","protected":false},"featured_media":40466,"comment_status":"closed","ping_status":"closed","template":"","meta":[],"product_brand":[],"product_cat":[195,108],"product_tag":[],"class_list":{"0":"post-52222","1":"product","2":"type-product","3":"status-publish","4":"has-post-thumbnail","6":"product_cat-ilmoliur-oliur","7":"product_cat-oliur","9":"first","10":"instock","11":"shipping-taxable","12":"purchasable","13":"product-type-simple"},"_links":{"self":[{"href":"https:\/\/ilmoliulampar.is\/en_gb\/wp-json\/wp\/v2\/product\/52222","targetHints":{"allow":["GET"]}}],"collection":[{"href":"https:\/\/ilmoliulampar.is\/en_gb\/wp-json\/wp\/v2\/product"}],"about":[{"href":"https:\/\/ilmoliulampar.is\/en_gb\/wp-json\/wp\/v2\/types\/product"}],"replies":[{"embeddable":true,"href":"https:\/\/ilmoliulampar.is\/en_gb\/wp-json\/wp\/v2\/comments?post=52222"}],"wp:featuredmedia":[{"embeddable":true,"href":"https:\/\/ilmoliulampar.is\/en_gb\/wp-json\/wp\/v2\/media\/40466"}],"wp:attachment":[{"href":"https:\/\/ilmoliulampar.is\/en_gb\/wp-json\/wp\/v2\/media?parent=52222"}],"wp:term":[{"taxonomy":"product_brand","embeddable":true,"href":"https:\/\/ilmoliulampar.is\/en_gb\/wp-json\/wp\/v2\/product_brand?post=52222"},{"taxonomy":"product_cat","embeddable":true,"href":"https:\/\/ilmoliulampar.is\/en_gb\/wp-json\/wp\/v2\/product_cat?post=52222"},{"taxonomy":"product_tag","embeddable":true,"href":"https:\/\/ilmoliulampar.is\/en_gb\/wp-json\/wp\/v2\/product_tag?post=52222"}],"curies":[{"name":"wp","href":"https:\/\/api.w.org\/{rel}","templated":true}]}}