{"id":52225,"date":"2017-10-17T11:43:16","date_gmt":"2017-10-17T11:43:16","guid":{"rendered":"https:\/\/new.ilmoliulampar.is\/product\/vanilla-the-king\/"},"modified":"2026-02-09T15:03:28","modified_gmt":"2026-02-09T15:03:28","slug":"vanilla-the-king","status":"publish","type":"product","link":"https:\/\/ilmoliulampar.is\/en_gb\/product\/vanilla-the-king\/","title":{"rendered":"VANILLA THE KING"},"content":{"rendered":"","protected":false},"excerpt":{"rendered":"<p>Vanilla the King er kl\u00e1rlega ilmur fyrir \u00fe\u00e1 sem elska vanillu!<\/p>\n<p>Kremu\u00f0 vanilla me\u00f0 &#8222;dass&#8220; af k\u00f3kost\u00f3num!<\/p>","protected":false},"featured_media":40475,"comment_status":"closed","ping_status":"closed","template":"","meta":[],"product_brand":[],"product_cat":[195,108],"product_tag":[],"class_list":{"0":"post-52225","1":"product","2":"type-product","3":"status-publish","4":"has-post-thumbnail","6":"product_cat-ilmoliur-oliur","7":"product_cat-oliur","9":"first","10":"outofstock","11":"shipping-taxable","12":"purchasable","13":"product-type-simple"},"_links":{"self":[{"href":"https:\/\/ilmoliulampar.is\/en_gb\/wp-json\/wp\/v2\/product\/52225","targetHints":{"allow":["GET"]}}],"collection":[{"href":"https:\/\/ilmoliulampar.is\/en_gb\/wp-json\/wp\/v2\/product"}],"about":[{"href":"https:\/\/ilmoliulampar.is\/en_gb\/wp-json\/wp\/v2\/types\/product"}],"replies":[{"embeddable":true,"href":"https:\/\/ilmoliulampar.is\/en_gb\/wp-json\/wp\/v2\/comments?post=52225"}],"wp:featuredmedia":[{"embeddable":true,"href":"https:\/\/ilmoliulampar.is\/en_gb\/wp-json\/wp\/v2\/media\/40475"}],"wp:attachment":[{"href":"https:\/\/ilmoliulampar.is\/en_gb\/wp-json\/wp\/v2\/media?parent=52225"}],"wp:term":[{"taxonomy":"product_brand","embeddable":true,"href":"https:\/\/ilmoliulampar.is\/en_gb\/wp-json\/wp\/v2\/product_brand?post=52225"},{"taxonomy":"product_cat","embeddable":true,"href":"https:\/\/ilmoliulampar.is\/en_gb\/wp-json\/wp\/v2\/product_cat?post=52225"},{"taxonomy":"product_tag","embeddable":true,"href":"https:\/\/ilmoliulampar.is\/en_gb\/wp-json\/wp\/v2\/product_tag?post=52225"}],"curies":[{"name":"wp","href":"https:\/\/api.w.org\/{rel}","templated":true}]}}