{"id":52264,"date":"2017-12-30T12:31:04","date_gmt":"2017-12-30T12:31:04","guid":{"rendered":"https:\/\/new.ilmoliulampar.is\/product\/nytt-coconut-lemongrass\/"},"modified":"2025-11-08T13:57:12","modified_gmt":"2025-11-08T13:57:12","slug":"nytt-coconut-lemongrass","status":"publish","type":"product","link":"https:\/\/ilmoliulampar.is\/en_gb\/product\/nytt-coconut-lemongrass\/","title":{"rendered":"COCONUT LEMONGRASS"},"content":{"rendered":"","protected":false},"excerpt":{"rendered":"<p>Una\u00f0sleg k\u00f3koshneta \u00ed bland vi\u00f0 Lemongrass, kremu\u00f0 enn samt svo fersk &#8211; \u00feessi er \u00e6\u00f0i!<\/p>","protected":false},"featured_media":40595,"comment_status":"closed","ping_status":"closed","template":"","meta":[],"product_brand":[],"product_cat":[195,198,230,108,121],"product_tag":[],"class_list":{"0":"post-52264","1":"product","2":"type-product","3":"status-publish","4":"has-post-thumbnail","6":"product_cat-ilmoliur-oliur","7":"product_cat-ilmoliutilbod-oliur","8":"product_cat-laekkadverd","9":"product_cat-oliur","10":"product_cat-tilbod-adrar-vorur","12":"first","13":"instock","14":"sale","15":"shipping-taxable","16":"purchasable","17":"product-type-simple"},"_links":{"self":[{"href":"https:\/\/ilmoliulampar.is\/en_gb\/wp-json\/wp\/v2\/product\/52264","targetHints":{"allow":["GET"]}}],"collection":[{"href":"https:\/\/ilmoliulampar.is\/en_gb\/wp-json\/wp\/v2\/product"}],"about":[{"href":"https:\/\/ilmoliulampar.is\/en_gb\/wp-json\/wp\/v2\/types\/product"}],"replies":[{"embeddable":true,"href":"https:\/\/ilmoliulampar.is\/en_gb\/wp-json\/wp\/v2\/comments?post=52264"}],"wp:featuredmedia":[{"embeddable":true,"href":"https:\/\/ilmoliulampar.is\/en_gb\/wp-json\/wp\/v2\/media\/40595"}],"wp:attachment":[{"href":"https:\/\/ilmoliulampar.is\/en_gb\/wp-json\/wp\/v2\/media?parent=52264"}],"wp:term":[{"taxonomy":"product_brand","embeddable":true,"href":"https:\/\/ilmoliulampar.is\/en_gb\/wp-json\/wp\/v2\/product_brand?post=52264"},{"taxonomy":"product_cat","embeddable":true,"href":"https:\/\/ilmoliulampar.is\/en_gb\/wp-json\/wp\/v2\/product_cat?post=52264"},{"taxonomy":"product_tag","embeddable":true,"href":"https:\/\/ilmoliulampar.is\/en_gb\/wp-json\/wp\/v2\/product_tag?post=52264"}],"curies":[{"name":"wp","href":"https:\/\/api.w.org\/{rel}","templated":true}]}}