{"id":52272,"date":"2018-03-09T13:59:02","date_gmt":"2018-03-09T13:59:02","guid":{"rendered":"https:\/\/new.ilmoliulampar.is\/product\/zolo-ilmkjarnaoliubox\/"},"modified":"2024-08-25T00:34:14","modified_gmt":"2024-08-25T00:34:14","slug":"zolo-ilmkjarnaoliubox","status":"publish","type":"product","link":"https:\/\/ilmoliulampar.is\/en_gb\/product\/zolo-ilmkjarnaoliubox\/","title":{"rendered":"ZOLO ilmkjarnaol\u00edubox"},"content":{"rendered":"","protected":false},"excerpt":{"rendered":"<p>Zolo boxi\u00f0 inniheldur 4 vins\u00e6lustu ilmkjarnaol\u00edurnar okkar:<\/p>\n<p>Lavender<\/p>\n<p>Pure Lemon<\/p>\n<p>Tea Tree<\/p>\n<p>Eucalyptus<\/p>\n<p><strong>Lavender &#8211;\u00a0<\/strong>\u00a0Ilmar d\u00e1samlega, settu nokkra dropa \u00ed ilmol\u00edulampann \u00feinn og allt ilmar.<br \/>\nH\u00fan er r\u00f3andi og slakandi. Tilvali\u00f0 til a\u00f0 losna vi\u00f0 \u00f3\u00e6skilega lykt.<span class=\"text_exposed_show\"><br \/>\nLavender \u00ed lampann \u00feinn veitir almenna vell\u00ed\u00f0an.<br \/>\nPr\u00f3fa\u00f0u bara\u2026..<\/span><\/p>\n<p>Frj\u00f3kornaofn\u00e6mi<br \/>\nPrufa\u00f0u a\u00f0 \u00fer\u00edfa lampann extra vel \u2013 settu svo sm\u00e1 vatn og p\u00ednu edik \u2013 lampann \u00ed gang \u00ed ca 15 \u2013 20 m\u00edn.<br \/>\nHelltu \u00fe\u00e1 \u00far honum og settu aftur vatn og LAVENDER ilmkjarnaol\u00edu.<br \/>\nPrufa\u00f0u l\u00edka a\u00f0 setja einn dropa af henni \u00ed l\u00f3fana og nudda\u00f0u \u00feeim saman \u2013 anda\u00f0u svo vel a\u00f0 \u00fe\u00e9r \u00ed nokkrar m\u00edn\u00fatur.<\/p>\n<div class=\"text_exposed_show\">\n<p>Fyrir h\u00fasverkin<br \/>\nFyrir hreinan og ilmandi \u00fevott er tilvali\u00f0 a\u00f0 setja eina teskei\u00f0 af Lavenderol\u00edu \u00fat \u00ed h\u00e1lfan l\u00edter af ediki og hrista duglega. G\u00e6ti\u00f0 \u00feess a\u00f0 merkja fl\u00f6skuna og a\u00f0 \u00feetta er a\u00f0eins \u00e6tla\u00f0 til \u00fevottar. Ediki\u00f0 er afar gott hreinsiefni, s\u00f3tthreinsandi og fr\u00edskandi a\u00f0 auki. Lavenderol\u00edan gefur \u00fevottinum g\u00f3\u00f0an ilm og veitir v\u00f6rn gegn bakter\u00edum og sveppamyndun. Til \u00feess a\u00f0 \u00fer\u00edfa g\u00f3lfin og f\u00e1 g\u00f3\u00f0a angan m\u00e1 b\u00e6ta \u00feessari bl\u00f6ndu \u00ed vatn og renna yfir g\u00f3lfin. \u00dea\u00f0 eru \u00ferif sem eru b\u00e6\u00f0i g\u00f3\u00f0 fyrir heimili\u00f0 sem og umhverfi\u00f0. \u00dea\u00f0 gerist ekki betra.<\/p>\n<p>Fyrir heimili\u00f0<br \/>\nB\u00e6ttu nokkrum dropum af Lavenderol\u00edu \u00fat \u00ed \u00fa\u00f0abr\u00fasa me\u00f0 hreinu vatni. \u00da\u00f0a\u00f0u bl\u00f6ndunni l\u00e9tt yfir r\u00famf\u00f6tin \u00fev\u00ed \u00fea\u00f0 gefur ferskan ilm og g\u00f3\u00f0an svefn.<\/p>\n<p>Fyrir \u00feig<br \/>\nLavenderol\u00edan er til svo \u00f3tr\u00falega margra hluta nytsamleg. H\u00fan er til a\u00f0 mynda fr\u00e1b\u00e6r \u00ed ba\u00f0i\u00f0 jafnt sem f\u00f3taba\u00f0i\u00f0, enda hamlar h\u00fan afskaplega miki\u00f0 sveppamyndun. Sumir sem gl\u00edma vi\u00f0 kv\u00ed\u00f0a setja dropa aftan vi\u00f0 eyrun \u00feegar kv\u00ed\u00f0atilfinningar gera vart vi\u00f0 sig \u00fev\u00ed \u00feessi kjarnmikla ol\u00eda er svo einstaklega r\u00f3andi. Svo er gott a\u00f0 \u00feynna hana \u00ed vatni og nudda \u00e1 gagnaugun ef h\u00f6fu\u00f0verkur gerir vart vi\u00f0 sig.<br \/>\nLavender er g\u00f3\u00f0 gegn; bruna, s\u00f3lbruna, \u00feurrkablettum, exemi og unglingab\u00f3lum. H\u00fan er r\u00f3andi, og virkar gegn kv\u00ed\u00f0a, \u00feunglyndi, svefnleysi, horm\u00f3na\u00f3jafnv\u00e6gi, m\u00edgreni, h\u00f6fu\u00f0verkjum og meltingartruflunum, s.s. ni\u00f0urgangi.<\/p>\n<\/div>\n<p><strong>Pure Lemon-\u00a0<\/strong>\u00a0Mj\u00f6g bakter\u00edu- og v\u00edrusdrepandi, afar g\u00f3\u00f0 fyrir h\u00f6fu\u00f0, g\u00f3\u00f0 gegn sveppum. \u00d6rvar og styrkir flest kerfi l\u00edkamans.<br \/>\nMj\u00f6g g\u00f3\u00f0 \u00ed ilmol\u00edulampann vi\u00f0 \u00f6ndunarf\u00e6ras\u00fdkingum, er sl\u00edmlosandi. Virkar mj\u00f6g vel \u00e1 kvef , asma og sl\u00edmh\u00fa\u00f0arb\u00f3lgur.<span class=\"text_exposed_show\"><br \/>\nLemon er g\u00f3\u00f0 vi\u00f0 munnangri, uppk\u00f6stum, jafnar s\u00fdrumyndun, er s\u00f3tthreinsandi.<br \/>\n\u00d6rvar og styrkir \u00f3n\u00e6miskerfi\u00f0.<br \/>\nLemon er g\u00f3\u00f0ur h\u00fa\u00f0hreinsir og er notu\u00f0 \u00e1 b\u00f3lur, frunsur, v\u00f6rtur og l\u00edk\u00feorn. \u00d6rvar bl\u00f3\u00f0fl\u00e6\u00f0i \u00ed efstu l\u00f6gum h\u00fa\u00f0ar og l\u00edfgar upp \u00e1 l\u00edflausa og \u00fereytta h\u00fa\u00f0. Gefur h\u00e1ri glj\u00e1a og \u00f6rvar v\u00f6xt.<br \/>\nRosa gott a\u00f0 blanda saman Lemon og Eucalyptus, \u00fea\u00f0 er svakalega g\u00f3\u00f0 blanda vi\u00f0 kvefi.<br \/>\nL\u00edka gott a\u00f0 setja nokkra dropa af Lemon \u00fat \u00ed vatn \u00ed \u00fa\u00f0abr\u00fasa og spreyja a\u00f0eins um h\u00fasi\u00f0.<br \/>\n\u00dea\u00f0 er \u00f3tr\u00falega \u00fe\u00e6gilegt eftir r\u00e6ktina a\u00f0 vera me\u00f0 lemon \u00fat\u00ed vatni \u00ed \u00fa\u00f0abr\u00fasa og spreyja yfir sig \u2013 PR\u00d3FA\u00d0U.<br \/>\nAnna\u00f0: Lemon hreinsar andr\u00famslofti\u00f0 og er g\u00f3\u00f0 skord\u00fdraf\u00e6la. G\u00f3\u00f0 fyrir l\u00e9legar neglur. Ol\u00edan er afar hreinsandi og miki\u00f0 notu\u00f0 vi\u00f0 matarger\u00f0 og sem me\u00f0alaol\u00eda. Miki\u00f0 notu\u00f0 sem ilmefni \u00ed s\u00e1pur, \u00fevottaefni, krem, ilmv\u00f6tn og fleira.<br \/>\nVissir \u00fe\u00fa a\u00f0 LEMON ilmkjarnaol\u00edan f\u00e6lir flugur \u00ed burtu.<br \/>\nSkelltu LEMON \u00ed ilmol\u00edulampann \u00feinn ef flugurnar eru a\u00f0 angra \u00feig.<\/span><\/p>\n<p><strong>Tea Tree &#8211;\u00a0<\/strong>Er besta ol\u00edan til a\u00f0 vinna \u00e1 sj\u00fakd\u00f3mum tengdum s\u00fdkingum eins og bakter\u00edur, sveppa og<br \/>\nv\u00edrusar. Tekur \u00fat bit \u00e1 m\u00f3sk\u00edt\u00f3, Frunsur, munnangur (bori\u00f0 beint \u00e1). Best \u00e1 b\u00f3lur<br \/>\nme\u00f0 s\u00fdkingum. Styrkir \u00f3n\u00e6miskerfi\u00f0. Mj\u00f6g g\u00f3\u00f0 vi\u00f0 alls konar s\u00fdkingum, blandist<br \/>\nvi\u00f0 Eucalyptus vi\u00f0 kvefi og flensu.<\/p>\n<p>Tea tree er fr\u00e1b\u00e6r til a\u00f0 blanda \u00ed vatnsbr\u00fasa og spreyja yfir h\u00e1ri\u00f0 \u00e1 b\u00f6rnunum okkar \u00e1\u00f0ur en \u00feau fara \u00ed sk\u00f3lann\/leiksk\u00f3lann \u00feegar l\u00fas er \u00e1 sveimi. Notist \u00fe\u00e1 \u00e1 hverjum morgni me\u00f0an l\u00fasin er a\u00f0 ganga.<\/p>\n<p><strong>Eucalyptus<\/strong> &#8211; \u00deetta er hrein ilmkjarnaol\u00eda unnin \u00far ferskum laufum af Tr\u00f6llatr\u00e9.<br \/>\nH\u00fan er svo hrein og g\u00f3\u00f0, \u00fea\u00f0 er svo gott a\u00f0 anda henni a\u00f0 s\u00e9r.<br \/>\nEf \u00fe\u00fa ert me\u00f0 kvef e\u00f0a flensu \u00fe\u00e1 er \u00feessi algj\u00f6rlega \u00feess vir\u00f0i.<\/p>\n<p>&nbsp;<\/p>\n<p>&nbsp;<\/p>\n<p>&nbsp;<\/p>","protected":false},"featured_media":40723,"comment_status":"open","ping_status":"open","template":"","meta":[],"product_brand":[],"product_cat":[224,108],"product_tag":[],"class_list":{"0":"post-52272","1":"product","2":"type-product","3":"status-publish","4":"has-post-thumbnail","6":"product_cat-ilmkjarnaoliur-oliur","7":"product_cat-oliur","9":"first","10":"instock","11":"shipping-taxable","12":"purchasable","13":"product-type-simple"},"_links":{"self":[{"href":"https:\/\/ilmoliulampar.is\/en_gb\/wp-json\/wp\/v2\/product\/52272","targetHints":{"allow":["GET"]}}],"collection":[{"href":"https:\/\/ilmoliulampar.is\/en_gb\/wp-json\/wp\/v2\/product"}],"about":[{"href":"https:\/\/ilmoliulampar.is\/en_gb\/wp-json\/wp\/v2\/types\/product"}],"replies":[{"embeddable":true,"href":"https:\/\/ilmoliulampar.is\/en_gb\/wp-json\/wp\/v2\/comments?post=52272"}],"wp:featuredmedia":[{"embeddable":true,"href":"https:\/\/ilmoliulampar.is\/en_gb\/wp-json\/wp\/v2\/media\/40723"}],"wp:attachment":[{"href":"https:\/\/ilmoliulampar.is\/en_gb\/wp-json\/wp\/v2\/media?parent=52272"}],"wp:term":[{"taxonomy":"product_brand","embeddable":true,"href":"https:\/\/ilmoliulampar.is\/en_gb\/wp-json\/wp\/v2\/product_brand?post=52272"},{"taxonomy":"product_cat","embeddable":true,"href":"https:\/\/ilmoliulampar.is\/en_gb\/wp-json\/wp\/v2\/product_cat?post=52272"},{"taxonomy":"product_tag","embeddable":true,"href":"https:\/\/ilmoliulampar.is\/en_gb\/wp-json\/wp\/v2\/product_tag?post=52272"}],"curies":[{"name":"wp","href":"https:\/\/api.w.org\/{rel}","templated":true}]}}