{"id":52286,"date":"2018-04-18T15:30:11","date_gmt":"2018-04-18T15:30:11","guid":{"rendered":"https:\/\/new.ilmoliulampar.is\/product\/zolo-sitrona-herbergisudi\/"},"modified":"2024-04-19T16:31:36","modified_gmt":"2024-04-19T16:31:36","slug":"zolo-sitrona-herbergisudi","status":"publish","type":"product","link":"https:\/\/ilmoliulampar.is\/en_gb\/product\/zolo-sitrona-herbergisudi\/","title":{"rendered":"Zolo &#8211; S\u00edtr\u00f3na, herbergis\u00fa\u00f0i 50% afsl\u00e1ttur"},"content":{"rendered":"","protected":false},"excerpt":{"rendered":"<p>Zolo S\u00edtr\u00f3na &#8211; herbergis\u00fa\u00f0i<\/p>\n<p>Ferskur og heillandi ilmur af n\u00fd kreistri s\u00edtr\u00f3nu og Lime blanda\u00f0 vi\u00f0 Lemongrass &amp; Eucalyptus, toppa\u00f0 me\u00f0 ferskju og sm\u00e1 n\u00f3tu af kanil, en r\u00e9tt bara til \u00feess a\u00f0 gera ilminn a\u00f0eins s\u00e6tari.<\/p>\n<p>\u00c1 augabrag\u00f0i breytir\u00f0u umhverfinu me\u00f0 einf\u00f6ldum \u00fa\u00f0a \u2013b\u00fd\u00f0ur fj\u00f6lskyldu og vini velkomna, vekur skilningarvitin e\u00f0a skapar r\u00f3andi og afslappandi umhverfi fyrir sj\u00e1lfa\/n \u00feig.Herbergis\u00fa\u00f0inn okkar er fullur af f\u00ednustu ilmefnum og lyftir\u00a0 upp heimilinu me\u00f0 lokkandi og a\u00f0la\u00f0andi ilmi.<\/p>\n<p>Fullkomin lei\u00f0 til a\u00f0 lyfta upp andr\u00famsloftinu \u00e1 ilmandi h\u00e1tt. \u00de\u00fa einfaldlega \u00fa\u00f0ar og allt ilmar.<\/p>\n<p>100 ml<\/p>","protected":false},"featured_media":40817,"comment_status":"closed","ping_status":"closed","template":"","meta":[],"product_brand":[],"product_cat":[207,230],"product_tag":[],"class_list":{"0":"post-52286","1":"product","2":"type-product","3":"status-publish","4":"has-post-thumbnail","6":"product_cat-herbergisudar-koddasprey-2","7":"product_cat-laekkadverd","9":"first","10":"instock","11":"sale","12":"shipping-taxable","13":"purchasable","14":"product-type-simple"},"_links":{"self":[{"href":"https:\/\/ilmoliulampar.is\/en_gb\/wp-json\/wp\/v2\/product\/52286","targetHints":{"allow":["GET"]}}],"collection":[{"href":"https:\/\/ilmoliulampar.is\/en_gb\/wp-json\/wp\/v2\/product"}],"about":[{"href":"https:\/\/ilmoliulampar.is\/en_gb\/wp-json\/wp\/v2\/types\/product"}],"replies":[{"embeddable":true,"href":"https:\/\/ilmoliulampar.is\/en_gb\/wp-json\/wp\/v2\/comments?post=52286"}],"wp:featuredmedia":[{"embeddable":true,"href":"https:\/\/ilmoliulampar.is\/en_gb\/wp-json\/wp\/v2\/media\/40817"}],"wp:attachment":[{"href":"https:\/\/ilmoliulampar.is\/en_gb\/wp-json\/wp\/v2\/media?parent=52286"}],"wp:term":[{"taxonomy":"product_brand","embeddable":true,"href":"https:\/\/ilmoliulampar.is\/en_gb\/wp-json\/wp\/v2\/product_brand?post=52286"},{"taxonomy":"product_cat","embeddable":true,"href":"https:\/\/ilmoliulampar.is\/en_gb\/wp-json\/wp\/v2\/product_cat?post=52286"},{"taxonomy":"product_tag","embeddable":true,"href":"https:\/\/ilmoliulampar.is\/en_gb\/wp-json\/wp\/v2\/product_tag?post=52286"}],"curies":[{"name":"wp","href":"https:\/\/api.w.org\/{rel}","templated":true}]}}