{"id":52287,"date":"2018-04-20T15:31:54","date_gmt":"2018-04-20T15:31:54","guid":{"rendered":"https:\/\/new.ilmoliulampar.is\/product\/230-zolo-ilmurinn\/"},"modified":"2025-10-30T17:42:26","modified_gmt":"2025-10-30T17:42:26","slug":"230-zolo-ilmurinn","status":"publish","type":"product","link":"https:\/\/ilmoliulampar.is\/en_gb\/product\/230-zolo-ilmurinn\/","title":{"rendered":"230 &#8211; ZOLO"},"content":{"rendered":"","protected":false},"excerpt":{"rendered":"<p>230 er Zolo ilmurinn !<\/p>\n<p>Gu\u00f0d\u00f3mlegur, ferskur, t\u00e6landi, hl\u00fdr, elegant og sei\u00f0andi\u2026.. \u00feessi er okkar upp\u00e1halds!<\/p>\n<p>Vetiver og s\u00e6t hindber,Oudh og Mar\u00f3k\u00f3skar r\u00f3sir \u00ed bland vi\u00f0 Patchouli &amp; \u00f6rl\u00edti\u00f0 af Cedar.<\/p>","protected":false},"featured_media":40822,"comment_status":"closed","ping_status":"closed","template":"","meta":[],"product_brand":[],"product_cat":[195,108],"product_tag":[],"class_list":{"0":"post-52287","1":"product","2":"type-product","3":"status-publish","4":"has-post-thumbnail","6":"product_cat-ilmoliur-oliur","7":"product_cat-oliur","9":"first","10":"instock","11":"shipping-taxable","12":"purchasable","13":"product-type-simple"},"_links":{"self":[{"href":"https:\/\/ilmoliulampar.is\/en_gb\/wp-json\/wp\/v2\/product\/52287","targetHints":{"allow":["GET"]}}],"collection":[{"href":"https:\/\/ilmoliulampar.is\/en_gb\/wp-json\/wp\/v2\/product"}],"about":[{"href":"https:\/\/ilmoliulampar.is\/en_gb\/wp-json\/wp\/v2\/types\/product"}],"replies":[{"embeddable":true,"href":"https:\/\/ilmoliulampar.is\/en_gb\/wp-json\/wp\/v2\/comments?post=52287"}],"wp:featuredmedia":[{"embeddable":true,"href":"https:\/\/ilmoliulampar.is\/en_gb\/wp-json\/wp\/v2\/media\/40822"}],"wp:attachment":[{"href":"https:\/\/ilmoliulampar.is\/en_gb\/wp-json\/wp\/v2\/media?parent=52287"}],"wp:term":[{"taxonomy":"product_brand","embeddable":true,"href":"https:\/\/ilmoliulampar.is\/en_gb\/wp-json\/wp\/v2\/product_brand?post=52287"},{"taxonomy":"product_cat","embeddable":true,"href":"https:\/\/ilmoliulampar.is\/en_gb\/wp-json\/wp\/v2\/product_cat?post=52287"},{"taxonomy":"product_tag","embeddable":true,"href":"https:\/\/ilmoliulampar.is\/en_gb\/wp-json\/wp\/v2\/product_tag?post=52287"}],"curies":[{"name":"wp","href":"https:\/\/api.w.org\/{rel}","templated":true}]}}