{"id":52291,"date":"2018-05-03T13:06:33","date_gmt":"2018-05-03T13:06:33","guid":{"rendered":"https:\/\/new.ilmoliulampar.is\/product\/eco-by-sonya-super-acai-exfoliator\/"},"modified":"2025-06-27T16:51:17","modified_gmt":"2025-06-27T16:51:17","slug":"eco-by-sonya-super-acai-exfoliator","status":"publish","type":"product","link":"https:\/\/ilmoliulampar.is\/en_gb\/product\/eco-by-sonya-super-acai-exfoliator\/","title":{"rendered":"Eco by Sonya &#8211; Super Acai Exfoliator"},"content":{"rendered":"","protected":false},"excerpt":{"rendered":"<div class=\"woocommerce-product-details__short-description\">\n<p>Andlitsskr\u00fabbur sem er algj\u00f6r andoxunar bomba! Inniheldur Acai, k\u00f3koshnetu og magnes\u00edum salt sem fjarl\u00e6gir dau\u00f0ar h\u00fa\u00f0frumur og skilur h\u00fa\u00f0ina eftir lj\u00f3mandi og silkimj\u00faka<\/p>\n<p>100 ml<\/p>\n<\/div>","protected":false},"featured_media":56879,"comment_status":"closed","ping_status":"closed","template":"","meta":[],"product_brand":[],"product_cat":[129],"product_tag":[],"class_list":{"0":"post-52291","1":"product","2":"type-product","3":"status-publish","4":"has-post-thumbnail","6":"product_cat-eco-by-sonya","8":"first","9":"instock","10":"shipping-taxable","11":"purchasable","12":"product-type-simple"},"_links":{"self":[{"href":"https:\/\/ilmoliulampar.is\/en_gb\/wp-json\/wp\/v2\/product\/52291","targetHints":{"allow":["GET"]}}],"collection":[{"href":"https:\/\/ilmoliulampar.is\/en_gb\/wp-json\/wp\/v2\/product"}],"about":[{"href":"https:\/\/ilmoliulampar.is\/en_gb\/wp-json\/wp\/v2\/types\/product"}],"replies":[{"embeddable":true,"href":"https:\/\/ilmoliulampar.is\/en_gb\/wp-json\/wp\/v2\/comments?post=52291"}],"wp:featuredmedia":[{"embeddable":true,"href":"https:\/\/ilmoliulampar.is\/en_gb\/wp-json\/wp\/v2\/media\/56879"}],"wp:attachment":[{"href":"https:\/\/ilmoliulampar.is\/en_gb\/wp-json\/wp\/v2\/media?parent=52291"}],"wp:term":[{"taxonomy":"product_brand","embeddable":true,"href":"https:\/\/ilmoliulampar.is\/en_gb\/wp-json\/wp\/v2\/product_brand?post=52291"},{"taxonomy":"product_cat","embeddable":true,"href":"https:\/\/ilmoliulampar.is\/en_gb\/wp-json\/wp\/v2\/product_cat?post=52291"},{"taxonomy":"product_tag","embeddable":true,"href":"https:\/\/ilmoliulampar.is\/en_gb\/wp-json\/wp\/v2\/product_tag?post=52291"}],"curies":[{"name":"wp","href":"https:\/\/api.w.org\/{rel}","templated":true}]}}