{"id":52292,"date":"2018-05-03T13:09:58","date_gmt":"2018-05-03T13:09:58","guid":{"rendered":"https:\/\/new.ilmoliulampar.is\/product\/eco-by-sonya-super-citrus-cleanser\/"},"modified":"2026-02-17T16:32:26","modified_gmt":"2026-02-17T16:32:26","slug":"eco-by-sonya-super-citrus-cleanser","status":"publish","type":"product","link":"https:\/\/ilmoliulampar.is\/en_gb\/product\/eco-by-sonya-super-citrus-cleanser\/","title":{"rendered":"Eco by Sonya &#8211; Super Citrus Cleanser"},"content":{"rendered":"","protected":false},"excerpt":{"rendered":"<p>Gelkenndur andlitshreinsir sem inniheldur aloe vera og s\u00edtronugras. Best er a\u00f0 nota 1-2 pumpur morgna og kv\u00f6lds og hreinsa s\u00ed\u00f0an af me\u00f0 volgu vatni.<\/p>\n<p>175 ml<\/p>","protected":false},"featured_media":40848,"comment_status":"closed","ping_status":"closed","template":"","meta":[],"product_brand":[],"product_cat":[112,129],"product_tag":[],"class_list":{"0":"post-52292","1":"product","2":"type-product","3":"status-publish","4":"has-post-thumbnail","6":"product_cat-adrar-vorur","7":"product_cat-eco-by-sonya","9":"first","10":"instock","11":"shipping-taxable","12":"purchasable","13":"product-type-simple"},"_links":{"self":[{"href":"https:\/\/ilmoliulampar.is\/en_gb\/wp-json\/wp\/v2\/product\/52292","targetHints":{"allow":["GET"]}}],"collection":[{"href":"https:\/\/ilmoliulampar.is\/en_gb\/wp-json\/wp\/v2\/product"}],"about":[{"href":"https:\/\/ilmoliulampar.is\/en_gb\/wp-json\/wp\/v2\/types\/product"}],"replies":[{"embeddable":true,"href":"https:\/\/ilmoliulampar.is\/en_gb\/wp-json\/wp\/v2\/comments?post=52292"}],"wp:featuredmedia":[{"embeddable":true,"href":"https:\/\/ilmoliulampar.is\/en_gb\/wp-json\/wp\/v2\/media\/40848"}],"wp:attachment":[{"href":"https:\/\/ilmoliulampar.is\/en_gb\/wp-json\/wp\/v2\/media?parent=52292"}],"wp:term":[{"taxonomy":"product_brand","embeddable":true,"href":"https:\/\/ilmoliulampar.is\/en_gb\/wp-json\/wp\/v2\/product_brand?post=52292"},{"taxonomy":"product_cat","embeddable":true,"href":"https:\/\/ilmoliulampar.is\/en_gb\/wp-json\/wp\/v2\/product_cat?post=52292"},{"taxonomy":"product_tag","embeddable":true,"href":"https:\/\/ilmoliulampar.is\/en_gb\/wp-json\/wp\/v2\/product_tag?post=52292"}],"curies":[{"name":"wp","href":"https:\/\/api.w.org\/{rel}","templated":true}]}}