{"id":52293,"date":"2018-05-15T14:07:39","date_gmt":"2018-05-15T14:07:39","guid":{"rendered":"https:\/\/new.ilmoliulampar.is\/product\/mulberry-spice\/"},"modified":"2025-10-30T17:41:57","modified_gmt":"2025-10-30T17:41:57","slug":"mulberry-spice","status":"publish","type":"product","link":"https:\/\/ilmoliulampar.is\/en_gb\/product\/mulberry-spice\/","title":{"rendered":"MULBERRY SPICE"},"content":{"rendered":"","protected":false},"excerpt":{"rendered":"<p>Mulberry Spice<\/p>\n<p>Ferskir t\u00f3nar af appels\u00ednuberki, s\u00edtr\u00f3nu og viltum berjum \u00ed bland vi\u00f0 \u00f6r\u00edtin kanil&#8230;.. \u00feessi er \u00c6\u00d0I!<\/p>","protected":false},"featured_media":40857,"comment_status":"closed","ping_status":"closed","template":"","meta":[],"product_brand":[],"product_cat":[195,197,108],"product_tag":[],"class_list":{"0":"post-52293","1":"product","2":"type-product","3":"status-publish","4":"has-post-thumbnail","6":"product_cat-ilmoliur-oliur","7":"product_cat-jolaoliur-oliur","8":"product_cat-oliur","10":"first","11":"instock","12":"shipping-taxable","13":"purchasable","14":"product-type-simple"},"_links":{"self":[{"href":"https:\/\/ilmoliulampar.is\/en_gb\/wp-json\/wp\/v2\/product\/52293","targetHints":{"allow":["GET"]}}],"collection":[{"href":"https:\/\/ilmoliulampar.is\/en_gb\/wp-json\/wp\/v2\/product"}],"about":[{"href":"https:\/\/ilmoliulampar.is\/en_gb\/wp-json\/wp\/v2\/types\/product"}],"replies":[{"embeddable":true,"href":"https:\/\/ilmoliulampar.is\/en_gb\/wp-json\/wp\/v2\/comments?post=52293"}],"wp:featuredmedia":[{"embeddable":true,"href":"https:\/\/ilmoliulampar.is\/en_gb\/wp-json\/wp\/v2\/media\/40857"}],"wp:attachment":[{"href":"https:\/\/ilmoliulampar.is\/en_gb\/wp-json\/wp\/v2\/media?parent=52293"}],"wp:term":[{"taxonomy":"product_brand","embeddable":true,"href":"https:\/\/ilmoliulampar.is\/en_gb\/wp-json\/wp\/v2\/product_brand?post=52293"},{"taxonomy":"product_cat","embeddable":true,"href":"https:\/\/ilmoliulampar.is\/en_gb\/wp-json\/wp\/v2\/product_cat?post=52293"},{"taxonomy":"product_tag","embeddable":true,"href":"https:\/\/ilmoliulampar.is\/en_gb\/wp-json\/wp\/v2\/product_tag?post=52293"}],"curies":[{"name":"wp","href":"https:\/\/api.w.org\/{rel}","templated":true}]}}