{"id":52297,"date":"2018-05-17T17:07:00","date_gmt":"2018-05-17T17:07:00","guid":{"rendered":"https:\/\/new.ilmoliulampar.is\/?post_type=product&#038;p=52297"},"modified":"2026-02-09T15:24:15","modified_gmt":"2026-02-09T15:24:15","slug":"blomastandur-svartur-har","status":"publish","type":"product","link":"https:\/\/ilmoliulampar.is\/en_gb\/product\/blomastandur-svartur-har\/","title":{"rendered":"Svartur bl\u00f3mastandur"},"content":{"rendered":"","protected":false},"excerpt":{"rendered":"<div class=\"woocommerce-product-details__short-description\">\n<p>Skandinav\u00edsk h\u00f6nnun, h\u00e1g\u00e6\u00f0a \u00feungir og veglegir bl\u00f3mastandar.<\/p>\n<p>Lengd: 28 cm<br \/>\nBreidd: 28 cm<br \/>\nH\u00e6\u00f0: 60 cm<\/p>\n<p>Efni: St\u00e1l<\/p>\n<\/div>","protected":false},"featured_media":40883,"comment_status":"closed","ping_status":"closed","template":"","meta":[],"product_brand":[],"product_cat":[112,132],"product_tag":[],"class_list":{"0":"post-52297","1":"product","2":"type-product","3":"status-publish","4":"has-post-thumbnail","6":"product_cat-adrar-vorur","7":"product_cat-heimilid-2","9":"first","10":"instock","11":"sale","12":"shipping-taxable","13":"purchasable","14":"product-type-simple"},"_links":{"self":[{"href":"https:\/\/ilmoliulampar.is\/en_gb\/wp-json\/wp\/v2\/product\/52297","targetHints":{"allow":["GET"]}}],"collection":[{"href":"https:\/\/ilmoliulampar.is\/en_gb\/wp-json\/wp\/v2\/product"}],"about":[{"href":"https:\/\/ilmoliulampar.is\/en_gb\/wp-json\/wp\/v2\/types\/product"}],"replies":[{"embeddable":true,"href":"https:\/\/ilmoliulampar.is\/en_gb\/wp-json\/wp\/v2\/comments?post=52297"}],"wp:featuredmedia":[{"embeddable":true,"href":"https:\/\/ilmoliulampar.is\/en_gb\/wp-json\/wp\/v2\/media\/40883"}],"wp:attachment":[{"href":"https:\/\/ilmoliulampar.is\/en_gb\/wp-json\/wp\/v2\/media?parent=52297"}],"wp:term":[{"taxonomy":"product_brand","embeddable":true,"href":"https:\/\/ilmoliulampar.is\/en_gb\/wp-json\/wp\/v2\/product_brand?post=52297"},{"taxonomy":"product_cat","embeddable":true,"href":"https:\/\/ilmoliulampar.is\/en_gb\/wp-json\/wp\/v2\/product_cat?post=52297"},{"taxonomy":"product_tag","embeddable":true,"href":"https:\/\/ilmoliulampar.is\/en_gb\/wp-json\/wp\/v2\/product_tag?post=52297"}],"curies":[{"name":"wp","href":"https:\/\/api.w.org\/{rel}","templated":true}]}}