{"id":52298,"date":"2018-05-17T17:23:18","date_gmt":"2018-05-17T17:23:18","guid":{"rendered":"https:\/\/new.ilmoliulampar.is\/?post_type=product&#038;p=52298"},"modified":"2026-02-09T15:19:52","modified_gmt":"2026-02-09T15:19:52","slug":"bast-korfur-3-staerdir","status":"publish","type":"product","link":"https:\/\/ilmoliulampar.is\/en_gb\/product\/bast-korfur-3-staerdir\/","title":{"rendered":"Bast k\u00f6rfur, 3 st\u00e6r\u00f0ir"},"content":{"rendered":"","protected":false},"excerpt":{"rendered":"<p>Skandinav\u00edsk h\u00f6nnun &#8211; Cozy Living<\/p>\n<p>\u00d6ll heimili \u00feurfa k\u00f6rfur!\u00a0\u00deessar eru handger\u00f0ar, k\u00f3s\u00fd l\u00fakk og smart geymslu-lausn.<\/p>\n<p>3 st\u00e6r\u00f0ir<\/p>\n<p>&nbsp;<\/p>","protected":false},"featured_media":40888,"comment_status":"closed","ping_status":"closed","template":"","meta":[],"product_brand":[],"product_cat":[112,132],"product_tag":[],"class_list":{"0":"post-52298","1":"product","2":"type-product","3":"status-publish","4":"has-post-thumbnail","6":"product_cat-adrar-vorur","7":"product_cat-heimilid-2","9":"first","10":"instock","11":"shipping-taxable","12":"purchasable","13":"product-type-variable"},"_links":{"self":[{"href":"https:\/\/ilmoliulampar.is\/en_gb\/wp-json\/wp\/v2\/product\/52298","targetHints":{"allow":["GET"]}}],"collection":[{"href":"https:\/\/ilmoliulampar.is\/en_gb\/wp-json\/wp\/v2\/product"}],"about":[{"href":"https:\/\/ilmoliulampar.is\/en_gb\/wp-json\/wp\/v2\/types\/product"}],"replies":[{"embeddable":true,"href":"https:\/\/ilmoliulampar.is\/en_gb\/wp-json\/wp\/v2\/comments?post=52298"}],"wp:featuredmedia":[{"embeddable":true,"href":"https:\/\/ilmoliulampar.is\/en_gb\/wp-json\/wp\/v2\/media\/40888"}],"wp:attachment":[{"href":"https:\/\/ilmoliulampar.is\/en_gb\/wp-json\/wp\/v2\/media?parent=52298"}],"wp:term":[{"taxonomy":"product_brand","embeddable":true,"href":"https:\/\/ilmoliulampar.is\/en_gb\/wp-json\/wp\/v2\/product_brand?post=52298"},{"taxonomy":"product_cat","embeddable":true,"href":"https:\/\/ilmoliulampar.is\/en_gb\/wp-json\/wp\/v2\/product_cat?post=52298"},{"taxonomy":"product_tag","embeddable":true,"href":"https:\/\/ilmoliulampar.is\/en_gb\/wp-json\/wp\/v2\/product_tag?post=52298"}],"curies":[{"name":"wp","href":"https:\/\/api.w.org\/{rel}","templated":true}]}}