{"id":52305,"date":"2018-06-18T16:51:04","date_gmt":"2018-06-18T16:51:04","guid":{"rendered":"https:\/\/new.ilmoliulampar.is\/product\/hreinsiklutur-bursti\/"},"modified":"2023-03-24T00:10:31","modified_gmt":"2023-03-24T00:10:31","slug":"hreinsiklutur-bursti","status":"publish","type":"product","link":"https:\/\/ilmoliulampar.is\/en_gb\/product\/hreinsiklutur-bursti\/","title":{"rendered":"Hreinsikl\u00fatur &#038; bursti f\/ilmol\u00edulampa"},"content":{"rendered":"","protected":false},"excerpt":{"rendered":"<p>Hreinsikl\u00fatur &amp; bursti fyrir ilmol\u00edulampa.<\/p>\n<p>Einstaklega vanda\u00f0ur \u00f6rtrefjakl\u00fatur &amp; bursti til \u00feess a\u00f0 au\u00f0velda \u00fe\u00e9r \u00ferifin \u00e1 ilmol\u00edulampanum \u00fe\u00ednum.<\/p>\n<p>Burstinn er s\u00e9rstaklega hanna\u00f0ur til \u00feess a\u00f0 komast a\u00f0 &#8222;erfi\u00f0u&#8220; st\u00f6\u00f0unum, \u00fear sem hef\u00f0bundinn upp\u00fevottabursti kemst ekki a\u00f0!<\/p>\n<p>&nbsp;<\/p>\n<p>&nbsp;<\/p>","protected":false},"featured_media":40905,"comment_status":"closed","ping_status":"open","template":"","meta":[],"product_brand":[],"product_cat":[107,113],"product_tag":[],"class_list":{"0":"post-52305","1":"product","2":"type-product","3":"status-publish","4":"has-post-thumbnail","6":"product_cat-lampar","7":"product_cat-utsala","9":"first","10":"instock","11":"shipping-taxable","12":"purchasable","13":"product-type-simple"},"_links":{"self":[{"href":"https:\/\/ilmoliulampar.is\/en_gb\/wp-json\/wp\/v2\/product\/52305","targetHints":{"allow":["GET"]}}],"collection":[{"href":"https:\/\/ilmoliulampar.is\/en_gb\/wp-json\/wp\/v2\/product"}],"about":[{"href":"https:\/\/ilmoliulampar.is\/en_gb\/wp-json\/wp\/v2\/types\/product"}],"replies":[{"embeddable":true,"href":"https:\/\/ilmoliulampar.is\/en_gb\/wp-json\/wp\/v2\/comments?post=52305"}],"wp:featuredmedia":[{"embeddable":true,"href":"https:\/\/ilmoliulampar.is\/en_gb\/wp-json\/wp\/v2\/media\/40905"}],"wp:attachment":[{"href":"https:\/\/ilmoliulampar.is\/en_gb\/wp-json\/wp\/v2\/media?parent=52305"}],"wp:term":[{"taxonomy":"product_brand","embeddable":true,"href":"https:\/\/ilmoliulampar.is\/en_gb\/wp-json\/wp\/v2\/product_brand?post=52305"},{"taxonomy":"product_cat","embeddable":true,"href":"https:\/\/ilmoliulampar.is\/en_gb\/wp-json\/wp\/v2\/product_cat?post=52305"},{"taxonomy":"product_tag","embeddable":true,"href":"https:\/\/ilmoliulampar.is\/en_gb\/wp-json\/wp\/v2\/product_tag?post=52305"}],"curies":[{"name":"wp","href":"https:\/\/api.w.org\/{rel}","templated":true}]}}