{"id":52307,"date":"2025-07-02T15:34:01","date_gmt":"2025-07-02T15:34:01","guid":{"rendered":"https:\/\/new.ilmoliulampar.is\/product\/rustic-hringhilla-m-spegli\/"},"modified":"2026-04-27T11:48:19","modified_gmt":"2026-04-27T11:48:19","slug":"rustic-hringhilla-m-spegli","status":"publish","type":"product","link":"https:\/\/ilmoliulampar.is\/en_gb\/product\/rustic-hringhilla-m-spegli\/","title":{"rendered":"Rustic hringhilla m\/spegli"},"content":{"rendered":"","protected":false},"excerpt":{"rendered":"<p>Einstaklega flott rustic hringhilla \u00far \u00e1li, hillan sj\u00e1lf er \u00far fallegum vi\u00f0 me\u00f0 spegli a\u00f0 innanver\u00f0u, skandinav\u00edsk h\u00f6nnun.<\/p>\n<p>H60x B60x D24cm<\/p>\n<p>16kg<\/p>","protected":false},"featured_media":67917,"comment_status":"closed","ping_status":"closed","template":"","meta":[],"product_brand":[],"product_cat":[112,132],"product_tag":[],"class_list":{"0":"post-52307","1":"product","2":"type-product","3":"status-publish","4":"has-post-thumbnail","6":"product_cat-adrar-vorur","7":"product_cat-heimilid-2","9":"first","10":"outofstock","11":"shipping-taxable","12":"purchasable","13":"product-type-simple"},"_links":{"self":[{"href":"https:\/\/ilmoliulampar.is\/en_gb\/wp-json\/wp\/v2\/product\/52307","targetHints":{"allow":["GET"]}}],"collection":[{"href":"https:\/\/ilmoliulampar.is\/en_gb\/wp-json\/wp\/v2\/product"}],"about":[{"href":"https:\/\/ilmoliulampar.is\/en_gb\/wp-json\/wp\/v2\/types\/product"}],"replies":[{"embeddable":true,"href":"https:\/\/ilmoliulampar.is\/en_gb\/wp-json\/wp\/v2\/comments?post=52307"}],"wp:featuredmedia":[{"embeddable":true,"href":"https:\/\/ilmoliulampar.is\/en_gb\/wp-json\/wp\/v2\/media\/67917"}],"wp:attachment":[{"href":"https:\/\/ilmoliulampar.is\/en_gb\/wp-json\/wp\/v2\/media?parent=52307"}],"wp:term":[{"taxonomy":"product_brand","embeddable":true,"href":"https:\/\/ilmoliulampar.is\/en_gb\/wp-json\/wp\/v2\/product_brand?post=52307"},{"taxonomy":"product_cat","embeddable":true,"href":"https:\/\/ilmoliulampar.is\/en_gb\/wp-json\/wp\/v2\/product_cat?post=52307"},{"taxonomy":"product_tag","embeddable":true,"href":"https:\/\/ilmoliulampar.is\/en_gb\/wp-json\/wp\/v2\/product_tag?post=52307"}],"curies":[{"name":"wp","href":"https:\/\/api.w.org\/{rel}","templated":true}]}}