{"id":52309,"date":"2018-07-20T17:59:04","date_gmt":"2018-07-20T17:59:04","guid":{"rendered":"https:\/\/new.ilmoliulampar.is\/product\/zolo-lavender-koddasprey\/"},"modified":"2024-07-23T13:20:17","modified_gmt":"2024-07-23T13:20:17","slug":"zolo-lavender-koddasprey","status":"publish","type":"product","link":"https:\/\/ilmoliulampar.is\/en_gb\/product\/zolo-lavender-koddasprey\/","title":{"rendered":"Zolo &#8211; Lavender koddasprey"},"content":{"rendered":"","protected":false},"excerpt":{"rendered":"<p>Lavender koddaspreyi\u00f0 er r\u00f3andi, slakandi og einstaklega notalegt!<\/p>\n<p>\u00da\u00f0inn er unninn \u00far hreinni Lavender ilmkjarnaol\u00edu \u00ed bland vi\u00f0 \u00f6rlitla vanillu til \u00feess a\u00f0 f\u00e1 s\u00e6tuna \ud83d\ude09<\/p>\n<p>\u00de\u00fa einfaldlega \u00fa\u00f0ar \u00fev\u00ed \u00e1 koddann \u00a0og s\u00e6ngurveri\u00f0 \u00e1\u00f0ur en \u00fe\u00fa fer\u00f0 a\u00f0 sofa&#8230;&#8230;&#8230;<\/p>","protected":false},"featured_media":40923,"comment_status":"closed","ping_status":"open","template":"","meta":[],"product_brand":[],"product_cat":[207],"product_tag":[],"class_list":{"0":"post-52309","1":"product","2":"type-product","3":"status-publish","4":"has-post-thumbnail","6":"product_cat-herbergisudar-koddasprey-2","8":"first","9":"instock","10":"shipping-taxable","11":"purchasable","12":"product-type-simple"},"_links":{"self":[{"href":"https:\/\/ilmoliulampar.is\/en_gb\/wp-json\/wp\/v2\/product\/52309","targetHints":{"allow":["GET"]}}],"collection":[{"href":"https:\/\/ilmoliulampar.is\/en_gb\/wp-json\/wp\/v2\/product"}],"about":[{"href":"https:\/\/ilmoliulampar.is\/en_gb\/wp-json\/wp\/v2\/types\/product"}],"replies":[{"embeddable":true,"href":"https:\/\/ilmoliulampar.is\/en_gb\/wp-json\/wp\/v2\/comments?post=52309"}],"wp:featuredmedia":[{"embeddable":true,"href":"https:\/\/ilmoliulampar.is\/en_gb\/wp-json\/wp\/v2\/media\/40923"}],"wp:attachment":[{"href":"https:\/\/ilmoliulampar.is\/en_gb\/wp-json\/wp\/v2\/media?parent=52309"}],"wp:term":[{"taxonomy":"product_brand","embeddable":true,"href":"https:\/\/ilmoliulampar.is\/en_gb\/wp-json\/wp\/v2\/product_brand?post=52309"},{"taxonomy":"product_cat","embeddable":true,"href":"https:\/\/ilmoliulampar.is\/en_gb\/wp-json\/wp\/v2\/product_cat?post=52309"},{"taxonomy":"product_tag","embeddable":true,"href":"https:\/\/ilmoliulampar.is\/en_gb\/wp-json\/wp\/v2\/product_tag?post=52309"}],"curies":[{"name":"wp","href":"https:\/\/api.w.org\/{rel}","templated":true}]}}