{"id":52310,"date":"2018-08-08T17:25:47","date_gmt":"2018-08-08T17:25:47","guid":{"rendered":"https:\/\/new.ilmoliulampar.is\/product\/black-afylling-i-ilmstangir\/"},"modified":"2025-12-04T15:52:06","modified_gmt":"2025-12-04T15:52:06","slug":"black-afylling-i-ilmstangir","status":"publish","type":"product","link":"https:\/\/ilmoliulampar.is\/en_gb\/product\/black-afylling-i-ilmstangir\/","title":{"rendered":"Black &#8211; \u00e1fylling \u00ed ilmstangir"},"content":{"rendered":"","protected":false},"excerpt":{"rendered":"<p>\u00c1fylling af Black fr\u00e1 Made by Zen.<\/p>\n<p>200 ml.<\/p>\n<p>Sei\u00f0andi og a\u00f0la\u00f0andi ilmur, karlmannlegur en a\u00f0 sama skapi lj\u00fafur. Fersk mynta og lavender, blanda\u00f0 me\u00f0 v\u00e6gu kryddi og m\u00fdkt upp me\u00f0 vanillu.<br \/>\nAlgj\u00f6rlega \u00f3m\u00f3tst\u00e6\u00f0ilegur ilmur.<\/p>","protected":false},"featured_media":66775,"comment_status":"closed","ping_status":"closed","template":"","meta":[],"product_brand":[],"product_cat":[200,108],"product_tag":[],"class_list":{"0":"post-52310","1":"product","2":"type-product","3":"status-publish","4":"has-post-thumbnail","6":"product_cat-ilmstangir-oliur","7":"product_cat-oliur","9":"first","10":"instock","11":"shipping-taxable","12":"purchasable","13":"product-type-simple"},"_links":{"self":[{"href":"https:\/\/ilmoliulampar.is\/en_gb\/wp-json\/wp\/v2\/product\/52310","targetHints":{"allow":["GET"]}}],"collection":[{"href":"https:\/\/ilmoliulampar.is\/en_gb\/wp-json\/wp\/v2\/product"}],"about":[{"href":"https:\/\/ilmoliulampar.is\/en_gb\/wp-json\/wp\/v2\/types\/product"}],"replies":[{"embeddable":true,"href":"https:\/\/ilmoliulampar.is\/en_gb\/wp-json\/wp\/v2\/comments?post=52310"}],"wp:featuredmedia":[{"embeddable":true,"href":"https:\/\/ilmoliulampar.is\/en_gb\/wp-json\/wp\/v2\/media\/66775"}],"wp:attachment":[{"href":"https:\/\/ilmoliulampar.is\/en_gb\/wp-json\/wp\/v2\/media?parent=52310"}],"wp:term":[{"taxonomy":"product_brand","embeddable":true,"href":"https:\/\/ilmoliulampar.is\/en_gb\/wp-json\/wp\/v2\/product_brand?post=52310"},{"taxonomy":"product_cat","embeddable":true,"href":"https:\/\/ilmoliulampar.is\/en_gb\/wp-json\/wp\/v2\/product_cat?post=52310"},{"taxonomy":"product_tag","embeddable":true,"href":"https:\/\/ilmoliulampar.is\/en_gb\/wp-json\/wp\/v2\/product_tag?post=52310"}],"curies":[{"name":"wp","href":"https:\/\/api.w.org\/{rel}","templated":true}]}}