{"id":52318,"date":"2018-08-24T13:04:15","date_gmt":"2018-08-24T13:04:15","guid":{"rendered":"https:\/\/new.ilmoliulampar.is\/product\/aurora-hvitur\/"},"modified":"2026-01-30T14:18:29","modified_gmt":"2026-01-30T14:18:29","slug":"aurora-hvitur","status":"publish","type":"product","link":"https:\/\/ilmoliulampar.is\/en_gb\/product\/aurora-hvitur\/","title":{"rendered":"AURORA &#8211; hv\u00edtur, ilmol\u00edulampi"},"content":{"rendered":"","protected":false},"excerpt":{"rendered":"<p>Aurora er lampi Nor\u00f0urlj\u00f3sanna, hann l\u00edkir eftir fegur\u00f0 Nor\u00f0urlj\u00f3sanna me\u00f0 l\u00fdsingu sinni!<\/p>\n<p>Hann er st\u00edlhreinn og passar \u00ed hva\u00f0a umhverfi sem er, Aurora l\u00edfgar ekki bara upp \u00e1 umhverfi\u00f0 me\u00f0 lita fegur\u00f0, heldur hreinsar hann lofti\u00f0 &amp; gefur g\u00f3\u00f0an ilm ef vill.<\/p>\n<p>Einn af m\u00f6rgum f\u00edtusum lampans er a\u00f0 hann getur hj\u00e1lpa\u00f0 til vi\u00f0 huglei\u00f0slu.<\/p>\n<p>Aurora b\u00fd\u00f0ur upp \u00e1 raka\u00fa\u00f0un me\u00f0 hl\u00e9um en einnig er h\u00e6gt a\u00f0 nota hann sem fallegt n\u00e6turlj\u00f3s.<br \/>\n\u00de\u00fa getur notast eing\u00f6ngu vi\u00f0 lj\u00f3si\u00f0 \u00e1 Aurora e\u00f0a sem rakat\u00e6ki og ilmgjafi \u00e1n lj\u00f3ssins.<br \/>\nAurora er me\u00f0 sj\u00e1lfvirkan sl\u00f6kkvara \u00feegar vatnsmagni\u00f0 fer undir l\u00e1gmark, sem gerir hann tilvalin og \u00f6ruggan til notkunar \u00feegar sofi\u00f0 er, \u00fear sem eru b\u00f6rn og d\u00fdr.<\/p>\n<p>\u00deessi, eins og allir a\u00f0rir ilmol\u00edulampar fr\u00e1 okkur er: Rakat\u00e6ki \u2013 hreinsun \u00e1 lofti \u2013 j\u00f3nat\u00e6ki \u2013 ilmgjafi og l\u00edti\u00f0 fallegt lj\u00f3s.<\/p>\n<p>300 ml vatnstankur<\/p>\n<p>St\u00e6r\u00f0 14,4 cm x 13,6 cm<\/p>","protected":false},"featured_media":40954,"comment_status":"closed","ping_status":"closed","template":"","meta":[],"product_brand":[],"product_cat":[182,230,107,116,121,113],"product_tag":[],"class_list":{"0":"post-52318","1":"product","2":"type-product","3":"status-publish","4":"has-post-thumbnail","6":"product_cat-ilmoliulampar","7":"product_cat-laekkadverd","8":"product_cat-lampar","9":"product_cat-tilbod","10":"product_cat-tilbod-adrar-vorur","11":"product_cat-utsala","13":"first","14":"instock","15":"sale","16":"shipping-taxable","17":"purchasable","18":"product-type-simple"},"_links":{"self":[{"href":"https:\/\/ilmoliulampar.is\/en_gb\/wp-json\/wp\/v2\/product\/52318","targetHints":{"allow":["GET"]}}],"collection":[{"href":"https:\/\/ilmoliulampar.is\/en_gb\/wp-json\/wp\/v2\/product"}],"about":[{"href":"https:\/\/ilmoliulampar.is\/en_gb\/wp-json\/wp\/v2\/types\/product"}],"replies":[{"embeddable":true,"href":"https:\/\/ilmoliulampar.is\/en_gb\/wp-json\/wp\/v2\/comments?post=52318"}],"wp:featuredmedia":[{"embeddable":true,"href":"https:\/\/ilmoliulampar.is\/en_gb\/wp-json\/wp\/v2\/media\/40954"}],"wp:attachment":[{"href":"https:\/\/ilmoliulampar.is\/en_gb\/wp-json\/wp\/v2\/media?parent=52318"}],"wp:term":[{"taxonomy":"product_brand","embeddable":true,"href":"https:\/\/ilmoliulampar.is\/en_gb\/wp-json\/wp\/v2\/product_brand?post=52318"},{"taxonomy":"product_cat","embeddable":true,"href":"https:\/\/ilmoliulampar.is\/en_gb\/wp-json\/wp\/v2\/product_cat?post=52318"},{"taxonomy":"product_tag","embeddable":true,"href":"https:\/\/ilmoliulampar.is\/en_gb\/wp-json\/wp\/v2\/product_tag?post=52318"}],"curies":[{"name":"wp","href":"https:\/\/api.w.org\/{rel}","templated":true}]}}