{"id":52324,"date":"2018-08-27T11:16:07","date_gmt":"2018-08-27T11:16:07","guid":{"rendered":"https:\/\/new.ilmoliulampar.is\/product\/arran\/"},"modified":"2026-04-01T11:38:11","modified_gmt":"2026-04-01T11:38:11","slug":"arran","status":"publish","type":"product","link":"https:\/\/ilmoliulampar.is\/en_gb\/product\/arran\/","title":{"rendered":"ARRAN &#8211; ilmol\u00edulampi"},"content":{"rendered":"","protected":false},"excerpt":{"rendered":"<p>ARRAN &#8211; bambus ilm\u00fa\u00f0inn skapar lj\u00faft andr\u00famsloft me\u00f0 lj\u00f3si af LED perum sem ey\u00f0a litlu og hj\u00e1lpa \u00fe\u00e9r a\u00f0 slaka \u00e1. \u00deessir gl\u00e6silegu ilmol\u00edulampar munu gera umhverfi\u00f0 l\u00edkast d\u00fdru SPA me\u00f0 lj\u00fafum ilmi a\u00f0 eigin vali og fallegu lj\u00f3si.<\/p>\n<p>Me\u00f0 \u00fev\u00ed a\u00f0 b\u00e6ta vi\u00f0 kranavatni og nokkrum dropum af upp\u00e1halds ilmol\u00edunni \u00feinni \u00ed \u00fa\u00f0ann, mun hann me\u00f0 \u00fev\u00ed a\u00f0 \u00fdta \u00e1 einn takka, um lei\u00f0 veita hitalausu og algj\u00f6rlega \u00f6ruggu f\u00ednu misti af ilmandi gufu \u00ed andr\u00famslofti\u00f0 til a\u00f0 \u00f6rva skilningarvitin og leyfa \u00fe\u00e9r a\u00f0 s\u00f6kkva ofan \u00ed afslappandi heim heilunar og jafnv\u00e6gis. Tali\u00f0 er a\u00f0 \u00feetta s\u00e9 besta lei\u00f0in til a\u00f0 \u00fa\u00f0a ilmi \u00ed andr\u00famslofti\u00f0, \u00fear sem enginn hiti er nota\u00f0ur og ol\u00edurnar brotna ekki ni\u00f0ur.<\/p>\n<p>ARRAN ilmol\u00edulamparnir hafa einnig \u00fa\u00f0astj\u00f3rnun sem skiptir sj\u00e1lfkrafa um \u00fa\u00f0un og gufu me\u00f0 sek\u00fandna millibili, sem er tilvali\u00f0 \u00feegar nota skal sterkari ilm.<\/p>\n<p>Ef \u00fe\u00fa notar \u00fa\u00f0ann \u00e1n ol\u00edu og ilms, getur\u00f0u samt sem \u00e1\u00f0ur noti\u00f0 rakans af \u00fa\u00f0anum en hann er tilvalinn til a\u00f0 vinna m\u00f3t \u00feurrki sem skapast af n\u00fat\u00edma upphitun og loftk\u00e6lingu.<\/p>\n<p>ARRAN slekkur \u00e1 s\u00e9r sj\u00e1lfur \u00feegar vatni\u00f0 fer ni\u00f0ur fyrir \u00e1kve\u00f0in m\u00f6rk, sem \u00fe\u00fd\u00f0ir a\u00f0 hann er fullkomlega \u00f6ruggur og tilvalinn til notkunar innan um b\u00f6rn og h\u00fasd\u00fdr.<\/p>\n<p>ARRAN er rakat\u00e6ki \u2013 j\u00f3nat\u00e6ki \u2013 hreinsun \u00e1 lofti \u2013 ilmgjafi ef vill og l\u00edti\u00f0 fallegt lj\u00f3s.<\/p>\n<p>&nbsp;<\/p>\n<p>St\u00e6r\u00f0: 20 cm x 7,1cm<\/p>\n<p>Vatnsmagn: 100 ml<\/p>","protected":false},"featured_media":40992,"comment_status":"closed","ping_status":"closed","template":"","meta":[],"product_brand":[],"product_cat":[117,182,230,107,121],"product_tag":[],"class_list":{"0":"post-52324","1":"product","2":"type-product","3":"status-publish","4":"has-post-thumbnail","6":"product_cat-black-friday","7":"product_cat-ilmoliulampar","8":"product_cat-laekkadverd","9":"product_cat-lampar","10":"product_cat-tilbod-adrar-vorur","12":"first","13":"instock","14":"sale","15":"shipping-taxable","16":"purchasable","17":"product-type-simple"},"_links":{"self":[{"href":"https:\/\/ilmoliulampar.is\/en_gb\/wp-json\/wp\/v2\/product\/52324","targetHints":{"allow":["GET"]}}],"collection":[{"href":"https:\/\/ilmoliulampar.is\/en_gb\/wp-json\/wp\/v2\/product"}],"about":[{"href":"https:\/\/ilmoliulampar.is\/en_gb\/wp-json\/wp\/v2\/types\/product"}],"replies":[{"embeddable":true,"href":"https:\/\/ilmoliulampar.is\/en_gb\/wp-json\/wp\/v2\/comments?post=52324"}],"wp:featuredmedia":[{"embeddable":true,"href":"https:\/\/ilmoliulampar.is\/en_gb\/wp-json\/wp\/v2\/media\/40992"}],"wp:attachment":[{"href":"https:\/\/ilmoliulampar.is\/en_gb\/wp-json\/wp\/v2\/media?parent=52324"}],"wp:term":[{"taxonomy":"product_brand","embeddable":true,"href":"https:\/\/ilmoliulampar.is\/en_gb\/wp-json\/wp\/v2\/product_brand?post=52324"},{"taxonomy":"product_cat","embeddable":true,"href":"https:\/\/ilmoliulampar.is\/en_gb\/wp-json\/wp\/v2\/product_cat?post=52324"},{"taxonomy":"product_tag","embeddable":true,"href":"https:\/\/ilmoliulampar.is\/en_gb\/wp-json\/wp\/v2\/product_tag?post=52324"}],"curies":[{"name":"wp","href":"https:\/\/api.w.org\/{rel}","templated":true}]}}