{"id":52325,"date":"2018-08-28T12:34:53","date_gmt":"2018-08-28T12:34:53","guid":{"rendered":"https:\/\/new.ilmoliulampar.is\/product\/xoxo\/"},"modified":"2025-07-15T17:35:28","modified_gmt":"2025-07-15T17:35:28","slug":"xoxo","status":"publish","type":"product","link":"https:\/\/ilmoliulampar.is\/en_gb\/product\/xoxo\/","title":{"rendered":"XOXO"},"content":{"rendered":"","protected":false},"excerpt":{"rendered":"<p>Vi\u00f0 ur\u00f0um \u00e1stfangin af \u00feessari og vi\u00f0 vitum a\u00f0 \u00fe\u00fa ver\u00f0ur \u00fea\u00f0 l\u00edka! Syndsamlega s\u00e6t, Ananas dj\u00fas,\u00e1staraldin, &amp; s\u00f3lbl\u00f3m \u00ed bland vi\u00f0 \u00f6rlitla s\u00edtr\u00f3nu og musk&#8230;..svooo g\u00f3\u00f0!<\/p>\n<p>Kossar \u00a0&amp; kn\u00fas!!! XOXO<\/p>","protected":false},"featured_media":40999,"comment_status":"closed","ping_status":"open","template":"","meta":[],"product_brand":[],"product_cat":[195,108],"product_tag":[],"class_list":{"0":"post-52325","1":"product","2":"type-product","3":"status-publish","4":"has-post-thumbnail","6":"product_cat-ilmoliur-oliur","7":"product_cat-oliur","9":"first","10":"instock","11":"shipping-taxable","12":"purchasable","13":"product-type-simple"},"_links":{"self":[{"href":"https:\/\/ilmoliulampar.is\/en_gb\/wp-json\/wp\/v2\/product\/52325","targetHints":{"allow":["GET"]}}],"collection":[{"href":"https:\/\/ilmoliulampar.is\/en_gb\/wp-json\/wp\/v2\/product"}],"about":[{"href":"https:\/\/ilmoliulampar.is\/en_gb\/wp-json\/wp\/v2\/types\/product"}],"replies":[{"embeddable":true,"href":"https:\/\/ilmoliulampar.is\/en_gb\/wp-json\/wp\/v2\/comments?post=52325"}],"wp:featuredmedia":[{"embeddable":true,"href":"https:\/\/ilmoliulampar.is\/en_gb\/wp-json\/wp\/v2\/media\/40999"}],"wp:attachment":[{"href":"https:\/\/ilmoliulampar.is\/en_gb\/wp-json\/wp\/v2\/media?parent=52325"}],"wp:term":[{"taxonomy":"product_brand","embeddable":true,"href":"https:\/\/ilmoliulampar.is\/en_gb\/wp-json\/wp\/v2\/product_brand?post=52325"},{"taxonomy":"product_cat","embeddable":true,"href":"https:\/\/ilmoliulampar.is\/en_gb\/wp-json\/wp\/v2\/product_cat?post=52325"},{"taxonomy":"product_tag","embeddable":true,"href":"https:\/\/ilmoliulampar.is\/en_gb\/wp-json\/wp\/v2\/product_tag?post=52325"}],"curies":[{"name":"wp","href":"https:\/\/api.w.org\/{rel}","templated":true}]}}