{"id":52332,"date":"2025-08-28T17:59:56","date_gmt":"2025-08-28T17:59:56","guid":{"rendered":"https:\/\/new.ilmoliulampar.is\/product\/zolo-lavender-luxus-ilmkerti\/"},"modified":"2025-12-20T15:04:39","modified_gmt":"2025-12-20T15:04:39","slug":"zolo-lavender-luxus-ilmkerti","status":"publish","type":"product","link":"https:\/\/ilmoliulampar.is\/en_gb\/product\/zolo-lavender-luxus-ilmkerti\/","title":{"rendered":"Zolo Lavender ilmkerti"},"content":{"rendered":"","protected":false},"excerpt":{"rendered":"<p>Lavender ilmkerti\u00f0 er r\u00f3andi, slakandi og einstaklega notalegt!<\/p>\n<p>Kerti\u00f0 er unninn \u00far hreinni Lavender ilmkjarnaol\u00edu \u00ed bland vi\u00f0 \u00f6rlitla vanillu til \u00feess a\u00f0 f\u00e1 s\u00e6tuna<\/p>\n<div class=\"woocommerce-product-details__short-description\">\n<div class=\"description\">\n<p>Brennslut\u00edmi: 40 klukkustundir<\/p>\n<p>Ilmkertin fr\u00e1 Zolo eru h\u00e1g\u00e6\u00f0a l\u00faxus ilmkerti, handger\u00f0 \u00ed London.<\/p>\n<p>Kertin brenna h\u00e6gt og jafnt og gefa fr\u00e1 s\u00e9r mikinn og g\u00f3\u00f0an ilm, \u00fea\u00f0 fer \u00fev\u00ed ekkert \u00e1 milli m\u00e1la \u00feegar kveikt er \u00e1 \u00feeim!<\/p>\n<p>Stytti\u00f0 reglulega \u00e1 kveiknum til \u00feess a\u00f0 koma \u00ed veg fyrir reyk og s\u00f3t, gott er a\u00f0 mi\u00f0a vi\u00f0 ca 2 mm.<\/p>\n<p>Til \u00feess a\u00f0 n\u00fdta kerti\u00f0 sem best er mikilv\u00e6gt a\u00f0 \u00feegar fyrst er kveikt \u00e1 kertinu,leyfa \u00fev\u00ed a\u00f0 brenna \u00fear til a\u00f0 vaxi\u00f0 er br\u00e1\u00f0na\u00f0 \u00fat \u00ed alla kanta.<\/p>\n<\/div>\n<\/div>","protected":false},"featured_media":41022,"comment_status":"closed","ping_status":"closed","template":"","meta":[],"product_brand":[],"product_cat":[201],"product_tag":[],"class_list":{"0":"post-52332","1":"product","2":"type-product","3":"status-publish","4":"has-post-thumbnail","6":"product_cat-ilmkerti-2","8":"first","9":"instock","10":"shipping-taxable","11":"purchasable","12":"product-type-simple"},"_links":{"self":[{"href":"https:\/\/ilmoliulampar.is\/en_gb\/wp-json\/wp\/v2\/product\/52332","targetHints":{"allow":["GET"]}}],"collection":[{"href":"https:\/\/ilmoliulampar.is\/en_gb\/wp-json\/wp\/v2\/product"}],"about":[{"href":"https:\/\/ilmoliulampar.is\/en_gb\/wp-json\/wp\/v2\/types\/product"}],"replies":[{"embeddable":true,"href":"https:\/\/ilmoliulampar.is\/en_gb\/wp-json\/wp\/v2\/comments?post=52332"}],"wp:featuredmedia":[{"embeddable":true,"href":"https:\/\/ilmoliulampar.is\/en_gb\/wp-json\/wp\/v2\/media\/41022"}],"wp:attachment":[{"href":"https:\/\/ilmoliulampar.is\/en_gb\/wp-json\/wp\/v2\/media?parent=52332"}],"wp:term":[{"taxonomy":"product_brand","embeddable":true,"href":"https:\/\/ilmoliulampar.is\/en_gb\/wp-json\/wp\/v2\/product_brand?post=52332"},{"taxonomy":"product_cat","embeddable":true,"href":"https:\/\/ilmoliulampar.is\/en_gb\/wp-json\/wp\/v2\/product_cat?post=52332"},{"taxonomy":"product_tag","embeddable":true,"href":"https:\/\/ilmoliulampar.is\/en_gb\/wp-json\/wp\/v2\/product_tag?post=52332"}],"curies":[{"name":"wp","href":"https:\/\/api.w.org\/{rel}","templated":true}]}}