{"id":52342,"date":"2018-10-19T15:20:36","date_gmt":"2018-10-19T15:20:36","guid":{"rendered":"https:\/\/new.ilmoliulampar.is\/product\/lemon-lime\/"},"modified":"2025-12-16T10:54:16","modified_gmt":"2025-12-16T10:54:16","slug":"lemon-lime","status":"publish","type":"product","link":"https:\/\/ilmoliulampar.is\/en_gb\/product\/lemon-lime\/","title":{"rendered":"Lemon &#8211; Lime"},"content":{"rendered":"","protected":false},"excerpt":{"rendered":"<p>Lemon &amp; Lime ilmkjarnaol\u00eda<\/p>\n<p>Tv\u00e6r \u00ed einni!<\/p>\n<p>Lemon:Virkni: Mj\u00f6g bakter\u00edu- og v\u00edrusdrepandi, afar g\u00f3\u00f0 fyrir h\u00f6fu\u00f0, g\u00f3\u00f0 gegn sveppum. \u00d6rvar og styrkir flest kerfi l\u00edkamans.<br \/>\nMj\u00f6g g\u00f3\u00f0 \u00ed ilmol\u00edulampann vi\u00f0 \u00f6ndunarf\u00e6ras\u00fdkingum, er sl\u00edmlosandi. Virkar mj\u00f6g vel \u00e1 kvef , asma og sl\u00edmh\u00fa\u00f0arb\u00f3lgur.<span class=\"text_exposed_show\"><br \/>\nLemon er g\u00f3\u00f0 vi\u00f0 munnangri, uppk\u00f6stum, jafnar s\u00fdrumyndun, er s\u00f3tthreinsandi.<br \/>\n\u00d6rvar og styrkir \u00f3n\u00e6miskerfi\u00f0.<br \/>\nLemon er g\u00f3\u00f0ur h\u00fa\u00f0hreinsir og er notu\u00f0 \u00e1 b\u00f3lur, frunsur, v\u00f6rtur og l\u00edk\u00feorn. \u00d6rvar bl\u00f3\u00f0fl\u00e6\u00f0i \u00ed efstu l\u00f6gum h\u00fa\u00f0ar og l\u00edfgar upp \u00e1 l\u00edflausa og \u00fereytta h\u00fa\u00f0. Gefur h\u00e1ri glj\u00e1a og \u00f6rvar v\u00f6xt.<br \/>\nRosa gott a\u00f0 blanda saman Lemon og Eucalyptus, \u00fea\u00f0 er svakalega g\u00f3\u00f0 blanda vi\u00f0 kvefi.<br \/>\nL\u00edka gott a\u00f0 setja nokkra dropa af Lemon \u00fat \u00ed vatn \u00ed \u00fa\u00f0abr\u00fasa og spreyja a\u00f0eins um h\u00fasi\u00f0.<br \/>\n\u00dea\u00f0 er \u00f3tr\u00falega \u00fe\u00e6gilegt eftir r\u00e6ktina a\u00f0 vera me\u00f0 lemon \u00fat\u00ed vatni \u00ed \u00fa\u00f0abr\u00fasa og spreyja yfir sig \u2013 PR\u00d3FA\u00d0U.<br \/>\nAnna\u00f0: Lemon hreinsar andr\u00famslofti\u00f0 og er g\u00f3\u00f0 skord\u00fdraf\u00e6la. G\u00f3\u00f0 fyrir l\u00e9legar neglur. Ol\u00edan er afar hreinsandi og miki\u00f0 notu\u00f0 vi\u00f0 matarger\u00f0 og sem me\u00f0alaol\u00eda. Miki\u00f0 notu\u00f0 sem ilmefni \u00ed s\u00e1pur, \u00fevottaefni, krem, ilmv\u00f6tn og fleira.<br \/>\nVissir \u00fe\u00fa a\u00f0 LEMON ilmkjarnaol\u00edan f\u00e6lir flugur \u00ed burtu.<br \/>\nSkelltu LEMON \u00ed ilmol\u00edulampann \u00feinn ef flugurnar eru a\u00f0 angra \u00feig.<\/span><\/p>\n<p>&nbsp;<\/p>\n<p>Lime:<\/p>\n<p>Ein s\u00fa allra ferskasta\u2026 og ekki n\u00f3g me\u00f0 \u00fea\u00f0 hva\u00f0 h\u00fan er \u00e6\u00f0islega fersk og g\u00f3\u00f0, \u00fe\u00e1 hefur Lime einstakan l\u00e6kningam\u00e1tt.<br \/>\nLime ilmkjarnaol\u00edan b\u00e6\u00f0i minnkar s\u00fdkingar og getur komi\u00f0 \u00ed veg fyrir a\u00f0 \u00fe\u00e6r myndist \u00fear sem h\u00fan hefur mj\u00f6g s\u00f3tthreinsandi eiginleika.<br \/>\nLime er g\u00f3\u00f0 vi\u00f0 h\u00e1lsb\u00f3lgu, magaverkjum, bronk\u00edtis, \u00fatbrotum, flensu og h\u00f3sta.<span class=\"text_exposed_show\"><br \/>\nL\u00e6knar tannp\u00ednu, styrkjir tanng\u00f3minn, h\u00fan meira a\u00f0 segja styrkjir lausa v\u00f6\u00f0vana og stinnir \u00fe\u00e1!<br \/>\nG\u00f3\u00f0 vi\u00f0 magapestum og ni\u00f0urgangi og getur komi\u00f0 \u00ed veg fyrir myndun \u00e1 gyllin\u00e6\u00f0 \u00fear sem h\u00fan dregur saman \u00e6\u00f0arnar.<\/span><\/p>\n<div class=\"text_exposed_show\">\n<p>Getur auki\u00f0 matarlyst!<br \/>\nBara lyktin ein og s\u00e9r af Lime ilmkjarnaol\u00edunni veldur \u00fev\u00ed a\u00f0 \u00fe\u00fa f\u00e6r\u00f0 vatn \u00ed munninn, vi\u00f0 \u00fea\u00f0 eykur h\u00fan seytingu meltingarsafa \u00ed magann \u00e1\u00f0ur enn<br \/>\nbyrja\u00f0 er a\u00f0 bor\u00f0a og eykur \u00fear af lei\u00f0andi matarlystina.<br \/>\nLime ilmkjarnaol\u00eda er mj\u00f6g bakter\u00edudrepandi og \u00fev\u00ed gott a\u00f0 nota vi\u00f0 me\u00f0fer\u00f0 \u00e1 t.d matareitrun,<br \/>\nni\u00f0urgangi og tannholdsb\u00f3lgu sem allt er af v\u00f6ldum bakter\u00eda.<\/p>\n<p>Hitastillandi! Gott er a\u00f0 nota Lime ilmkjarnaol\u00eduna til \u00feess a\u00f0 l\u00e6kka hita!<br \/>\nEndurn\u00e6randi og styrkjandi fyrir l\u00edkama og s\u00e1l, hentar einstaklega vel \u00feeim sem eru jafna sig eftir langvarandi og erfi\u00f0 veikindi e\u00f0a slys.<\/p>\n<p>Vinnur gegn \u00f6ldrun!<br \/>\nLime hj\u00e1lpar vi\u00f0 a\u00f0 t\u00f3na upp v\u00f6\u00f0va,v\u00f6\u00f0vavefi og h\u00fa\u00f0ina, og \u00fear me\u00f0 tali\u00f0 \u00f6ndunar-, bl\u00f3\u00f0r\u00e1sar-, tauga-, meltingar- og \u00fatskilna\u00f0arkerfi.<br \/>\nKemur \u00ed veg fyrir h\u00e1rlos,hrukkur og ellibletti.<\/p>\n<p>Lime hefur g\u00f3\u00f0 \u00e1hrif \u00e1 \u00feunglyndi og er stresslosandi.<br \/>\nEinnig getur \u00feessi einstaka ilmkjarnaol\u00eda dregi\u00f0 \u00far verkjum \u00ed v\u00f6\u00f0vum og li\u00f0um og er mj\u00f6g gott andoxunarefni.<\/p>\n<\/div>","protected":false},"featured_media":41068,"comment_status":"open","ping_status":"open","template":"","meta":[],"product_brand":[],"product_cat":[224,108],"product_tag":[],"class_list":{"0":"post-52342","1":"product","2":"type-product","3":"status-publish","4":"has-post-thumbnail","6":"product_cat-ilmkjarnaoliur-oliur","7":"product_cat-oliur","9":"first","10":"instock","11":"shipping-taxable","12":"purchasable","13":"product-type-simple"},"_links":{"self":[{"href":"https:\/\/ilmoliulampar.is\/en_gb\/wp-json\/wp\/v2\/product\/52342","targetHints":{"allow":["GET"]}}],"collection":[{"href":"https:\/\/ilmoliulampar.is\/en_gb\/wp-json\/wp\/v2\/product"}],"about":[{"href":"https:\/\/ilmoliulampar.is\/en_gb\/wp-json\/wp\/v2\/types\/product"}],"replies":[{"embeddable":true,"href":"https:\/\/ilmoliulampar.is\/en_gb\/wp-json\/wp\/v2\/comments?post=52342"}],"wp:featuredmedia":[{"embeddable":true,"href":"https:\/\/ilmoliulampar.is\/en_gb\/wp-json\/wp\/v2\/media\/41068"}],"wp:attachment":[{"href":"https:\/\/ilmoliulampar.is\/en_gb\/wp-json\/wp\/v2\/media?parent=52342"}],"wp:term":[{"taxonomy":"product_brand","embeddable":true,"href":"https:\/\/ilmoliulampar.is\/en_gb\/wp-json\/wp\/v2\/product_brand?post=52342"},{"taxonomy":"product_cat","embeddable":true,"href":"https:\/\/ilmoliulampar.is\/en_gb\/wp-json\/wp\/v2\/product_cat?post=52342"},{"taxonomy":"product_tag","embeddable":true,"href":"https:\/\/ilmoliulampar.is\/en_gb\/wp-json\/wp\/v2\/product_tag?post=52342"}],"curies":[{"name":"wp","href":"https:\/\/api.w.org\/{rel}","templated":true}]}}