{"id":52349,"date":"2018-10-30T14:16:32","date_gmt":"2018-10-30T14:16:32","guid":{"rendered":"https:\/\/new.ilmoliulampar.is\/?post_type=product&#038;p=52349"},"modified":"2025-08-25T12:51:01","modified_gmt":"2025-08-25T12:51:01","slug":"stor-veggklukka-m-spegli-svort","status":"publish","type":"product","link":"https:\/\/ilmoliulampar.is\/en_gb\/product\/stor-veggklukka-m-spegli-svort\/","title":{"rendered":"St\u00f3r veggklukka, m\/spegli &#8211; sv\u00f6rt"},"content":{"rendered":"","protected":false},"excerpt":{"rendered":"<p>Einstaklega falleg vegg klukka me\u00f0 spegli &#8211; gangverki\u00f0 gengur fyrir rafhl\u00f6\u00f0u.<\/p>\n<p>H80xB80xD8cm<\/p>\n<p>Ath: \u00dearf 3 AA rafhl\u00f6\u00f0ur<\/p>","protected":false},"featured_media":41091,"comment_status":"closed","ping_status":"closed","template":"","meta":[],"product_brand":[],"product_cat":[112,132,275],"product_tag":[],"class_list":{"0":"post-52349","1":"product","2":"type-product","3":"status-publish","4":"has-post-thumbnail","6":"product_cat-adrar-vorur","7":"product_cat-heimilid-2","8":"product_cat-klukkur","10":"first","11":"instock","12":"shipping-taxable","13":"purchasable","14":"product-type-simple"},"_links":{"self":[{"href":"https:\/\/ilmoliulampar.is\/en_gb\/wp-json\/wp\/v2\/product\/52349","targetHints":{"allow":["GET"]}}],"collection":[{"href":"https:\/\/ilmoliulampar.is\/en_gb\/wp-json\/wp\/v2\/product"}],"about":[{"href":"https:\/\/ilmoliulampar.is\/en_gb\/wp-json\/wp\/v2\/types\/product"}],"replies":[{"embeddable":true,"href":"https:\/\/ilmoliulampar.is\/en_gb\/wp-json\/wp\/v2\/comments?post=52349"}],"wp:featuredmedia":[{"embeddable":true,"href":"https:\/\/ilmoliulampar.is\/en_gb\/wp-json\/wp\/v2\/media\/41091"}],"wp:attachment":[{"href":"https:\/\/ilmoliulampar.is\/en_gb\/wp-json\/wp\/v2\/media?parent=52349"}],"wp:term":[{"taxonomy":"product_brand","embeddable":true,"href":"https:\/\/ilmoliulampar.is\/en_gb\/wp-json\/wp\/v2\/product_brand?post=52349"},{"taxonomy":"product_cat","embeddable":true,"href":"https:\/\/ilmoliulampar.is\/en_gb\/wp-json\/wp\/v2\/product_cat?post=52349"},{"taxonomy":"product_tag","embeddable":true,"href":"https:\/\/ilmoliulampar.is\/en_gb\/wp-json\/wp\/v2\/product_tag?post=52349"}],"curies":[{"name":"wp","href":"https:\/\/api.w.org\/{rel}","templated":true}]}}