{"id":52373,"date":"2018-11-09T12:10:04","date_gmt":"2018-11-09T12:10:04","guid":{"rendered":"https:\/\/new.ilmoliulampar.is\/product\/lemon-eucalyptus\/"},"modified":"2024-07-11T12:04:38","modified_gmt":"2024-07-11T12:04:38","slug":"lemon-eucalyptus","status":"publish","type":"product","link":"https:\/\/ilmoliulampar.is\/en_gb\/product\/lemon-eucalyptus\/","title":{"rendered":"Lemon &#038; Eucalyptus"},"content":{"rendered":"","protected":false},"excerpt":{"rendered":"<p>Lemon &amp; Eucalyptus ilmkjarnaol\u00eda, n\u00fa loksins f\u00e1anlegar saman \u00ed einni ol\u00edu!<\/p>\n<p>Lemon &#8211;\u00a0Virkni: Mj\u00f6g bakter\u00edu- og v\u00edrusdrepandi, afar g\u00f3\u00f0 fyrir h\u00f6fu\u00f0, g\u00f3\u00f0 gegn sveppum. \u00d6rvar og styrkir flest kerfi l\u00edkamans.<br \/>\nMj\u00f6g g\u00f3\u00f0 \u00ed ilmol\u00edulampann vi\u00f0 \u00f6ndunarf\u00e6ras\u00fdkingum, er sl\u00edmlosandi. Virkar mj\u00f6g vel \u00e1 kvef , asma og sl\u00edmh\u00fa\u00f0arb\u00f3lgur.<span class=\"text_exposed_show\"><br \/>\nLemon er g\u00f3\u00f0 vi\u00f0 munnangri, uppk\u00f6stum, jafnar s\u00fdrumyndun, er s\u00f3tthreinsandi.<br \/>\n\u00d6rvar og styrkir \u00f3n\u00e6miskerfi\u00f0.<br \/>\nLemon er g\u00f3\u00f0ur h\u00fa\u00f0hreinsir og er notu\u00f0 \u00e1 b\u00f3lur, frunsur, v\u00f6rtur og l\u00edk\u00feorn. \u00d6rvar bl\u00f3\u00f0fl\u00e6\u00f0i \u00ed efstu l\u00f6gum h\u00fa\u00f0ar og l\u00edfgar upp \u00e1 l\u00edflausa og \u00fereytta h\u00fa\u00f0. Gefur h\u00e1ri glj\u00e1a og \u00f6rvar v\u00f6xt.<br \/>\nRosa gott a\u00f0 blanda saman Lemon og Eucalyptus, \u00fea\u00f0 er svakalega g\u00f3\u00f0 blanda vi\u00f0 kvefi.<br \/>\nL\u00edka gott a\u00f0 setja nokkra dropa af Lemon \u00fat \u00ed vatn \u00ed \u00fa\u00f0abr\u00fasa og spreyja a\u00f0eins um h\u00fasi\u00f0.<br \/>\n\u00dea\u00f0 er \u00f3tr\u00falega \u00fe\u00e6gilegt eftir r\u00e6ktina a\u00f0 vera me\u00f0 lemon \u00fat\u00ed vatni \u00ed \u00fa\u00f0abr\u00fasa og spreyja yfir sig \u2013 PR\u00d3FA\u00d0U.<br \/>\nAnna\u00f0: Lemon hreinsar andr\u00famslofti\u00f0 og er g\u00f3\u00f0 skord\u00fdraf\u00e6la. G\u00f3\u00f0 fyrir l\u00e9legar neglur. Ol\u00edan er afar hreinsandi og miki\u00f0 notu\u00f0 vi\u00f0 matarger\u00f0 og sem me\u00f0alaol\u00eda. Miki\u00f0 notu\u00f0 sem ilmefni \u00ed s\u00e1pur, \u00fevottaefni, krem, ilmv\u00f6tn og fleira.<br \/>\nVissir \u00fe\u00fa a\u00f0 LEMON ilmkjarnaol\u00edan f\u00e6lir flugur \u00ed burtu.<br \/>\nSkelltu LEMON \u00ed ilmol\u00edulampann \u00feinn ef flugurnar eru a\u00f0 angra \u00feig.<\/span><\/p>\n<p>Eucalyptus: \u00deetta er hrein ilmkjarnaol\u00eda unnin \u00far ferskum laufum af Tr\u00f6llatr\u00e9.<br \/>\nH\u00fan er svo hrein og g\u00f3\u00f0, \u00fea\u00f0 er svo gott a\u00f0 anda henni a\u00f0 s\u00e9r.<br \/>\nEf \u00fe\u00fa ert me\u00f0 kvef e\u00f0a flensu \u00fe\u00e1 er \u00feessi algj\u00f6rlega \u00feess vir\u00f0i.<\/p>\n<p>Rosalega\u00a0gott a\u00f0 nota yfir n\u00f3ttina og blanda 1-2 dropum af Tea tree saman vi\u00f0.<br \/>\nER mj\u00f6g g\u00f3\u00f0 fyrir bit og s\u00fdkingar. Einnig g\u00f3\u00f0 fyrir gigt.<\/p>\n<p>\u00de\u00fa manst\u2026gamla g\u00f3\u00f0a Vick-i\u00f0<\/p>","protected":false},"featured_media":41158,"comment_status":"open","ping_status":"open","template":"","meta":[],"product_brand":[],"product_cat":[224,108],"product_tag":[],"class_list":{"0":"post-52373","1":"product","2":"type-product","3":"status-publish","4":"has-post-thumbnail","6":"product_cat-ilmkjarnaoliur-oliur","7":"product_cat-oliur","9":"first","10":"instock","11":"shipping-taxable","12":"purchasable","13":"product-type-simple"},"_links":{"self":[{"href":"https:\/\/ilmoliulampar.is\/en_gb\/wp-json\/wp\/v2\/product\/52373","targetHints":{"allow":["GET"]}}],"collection":[{"href":"https:\/\/ilmoliulampar.is\/en_gb\/wp-json\/wp\/v2\/product"}],"about":[{"href":"https:\/\/ilmoliulampar.is\/en_gb\/wp-json\/wp\/v2\/types\/product"}],"replies":[{"embeddable":true,"href":"https:\/\/ilmoliulampar.is\/en_gb\/wp-json\/wp\/v2\/comments?post=52373"}],"wp:featuredmedia":[{"embeddable":true,"href":"https:\/\/ilmoliulampar.is\/en_gb\/wp-json\/wp\/v2\/media\/41158"}],"wp:attachment":[{"href":"https:\/\/ilmoliulampar.is\/en_gb\/wp-json\/wp\/v2\/media?parent=52373"}],"wp:term":[{"taxonomy":"product_brand","embeddable":true,"href":"https:\/\/ilmoliulampar.is\/en_gb\/wp-json\/wp\/v2\/product_brand?post=52373"},{"taxonomy":"product_cat","embeddable":true,"href":"https:\/\/ilmoliulampar.is\/en_gb\/wp-json\/wp\/v2\/product_cat?post=52373"},{"taxonomy":"product_tag","embeddable":true,"href":"https:\/\/ilmoliulampar.is\/en_gb\/wp-json\/wp\/v2\/product_tag?post=52373"}],"curies":[{"name":"wp","href":"https:\/\/api.w.org\/{rel}","templated":true}]}}