{"id":52395,"date":"2018-12-08T13:40:06","date_gmt":"2018-12-08T13:40:06","guid":{"rendered":"https:\/\/new.ilmoliulampar.is\/product\/berry-vanilla-afylling-i-ilmstangir\/"},"modified":"2025-12-04T15:21:17","modified_gmt":"2025-12-04T15:21:17","slug":"berry-vanilla-afylling-i-ilmstangir","status":"publish","type":"product","link":"https:\/\/ilmoliulampar.is\/en_gb\/product\/berry-vanilla-afylling-i-ilmstangir\/","title":{"rendered":"Berry Vanilla &#8211; \u00e1fylling \u00ed ilmstangir"},"content":{"rendered":"","protected":false},"excerpt":{"rendered":"<div class=\"woocommerce-product-details__short-description\">\n<p>\u00c1fylling af Berry Vanilla fr\u00e1 Made by Zen.<\/p>\n<p>200 ml.<\/p>\n<p>S\u00e6tur og safar\u00edkur ilmur af \u00ferosku\u00f0um Long Island bl\u00e1berjum me\u00f0 rj\u00f3makenndri bourbon vanillu til a\u00f0 skapa lj\u00faffengan og eftirminnilegan ilm.<\/p>\n<\/div>","protected":false},"featured_media":66774,"comment_status":"closed","ping_status":"closed","template":"","meta":[],"product_brand":[],"product_cat":[200,108],"product_tag":[],"class_list":{"0":"post-52395","1":"product","2":"type-product","3":"status-publish","4":"has-post-thumbnail","6":"product_cat-ilmstangir-oliur","7":"product_cat-oliur","9":"first","10":"instock","11":"shipping-taxable","12":"purchasable","13":"product-type-simple"},"_links":{"self":[{"href":"https:\/\/ilmoliulampar.is\/en_gb\/wp-json\/wp\/v2\/product\/52395","targetHints":{"allow":["GET"]}}],"collection":[{"href":"https:\/\/ilmoliulampar.is\/en_gb\/wp-json\/wp\/v2\/product"}],"about":[{"href":"https:\/\/ilmoliulampar.is\/en_gb\/wp-json\/wp\/v2\/types\/product"}],"replies":[{"embeddable":true,"href":"https:\/\/ilmoliulampar.is\/en_gb\/wp-json\/wp\/v2\/comments?post=52395"}],"wp:featuredmedia":[{"embeddable":true,"href":"https:\/\/ilmoliulampar.is\/en_gb\/wp-json\/wp\/v2\/media\/66774"}],"wp:attachment":[{"href":"https:\/\/ilmoliulampar.is\/en_gb\/wp-json\/wp\/v2\/media?parent=52395"}],"wp:term":[{"taxonomy":"product_brand","embeddable":true,"href":"https:\/\/ilmoliulampar.is\/en_gb\/wp-json\/wp\/v2\/product_brand?post=52395"},{"taxonomy":"product_cat","embeddable":true,"href":"https:\/\/ilmoliulampar.is\/en_gb\/wp-json\/wp\/v2\/product_cat?post=52395"},{"taxonomy":"product_tag","embeddable":true,"href":"https:\/\/ilmoliulampar.is\/en_gb\/wp-json\/wp\/v2\/product_tag?post=52395"}],"curies":[{"name":"wp","href":"https:\/\/api.w.org\/{rel}","templated":true}]}}