{"id":52397,"date":"2018-12-28T17:04:29","date_gmt":"2018-12-28T17:04:29","guid":{"rendered":"https:\/\/new.ilmoliulampar.is\/product\/mandarin-2\/"},"modified":"2025-01-24T13:09:14","modified_gmt":"2025-01-24T13:09:14","slug":"mandarin-2","status":"publish","type":"product","link":"https:\/\/ilmoliulampar.is\/en_gb\/product\/mandarin-2\/","title":{"rendered":"Mandarin"},"content":{"rendered":"","protected":false},"excerpt":{"rendered":"<p>Mandarin eykur bl\u00f3\u00f0fl\u00e6\u00f0i l\u00edkamanns, eykur v\u00f6xt n\u00fdrra fruma, h\u00fan er mj\u00f6g gr\u00e6\u00f0andi, r\u00f3andi, og slakandi og virkar \u00fev\u00ed mj\u00f6g vel vi\u00f0 stressi, \u00e1samt \u00fev\u00ed a\u00f0 vera mj\u00f6g uppl\u00edfgandi.<\/p>\n<p>Hefur einstaklega g\u00f3\u00f0 \u00e1hrif \u00e1 meltinguna, g\u00f3\u00f0 vi\u00f0 magakveisu og \u00e6lupest.<\/p>\n<p>Mandarin er g\u00f3\u00f0 vi\u00f0 hinum \u00fdmsu h\u00fa\u00f0vandam\u00e1lum, eins og td b\u00f3lum, \u00f6rum og blettum, einnig hefur Mandarin yngjandi \u00e1hrif \u00e1 h\u00fa\u00f0ina \u00e1samt \u00fev\u00ed a\u00f0 halda rakastigi h\u00fa\u00f0arinnar r\u00e9ttu.<\/p>\n<p>Mandarin ilmjarnaol\u00edan er \u00e6\u00f0isleg ein og s\u00e9r sem og a\u00f0 blanda vi\u00f0 a\u00f0rar ilmkjarnaol\u00edur.<\/p>\n<p>ATH: Ef bera \u00e1 h\u00fa\u00f0 \u00fe\u00e1 blandast alltaf vi\u00f0 g\u00f3\u00f0a grunnol\u00edu.<\/p>\n<p>&nbsp;<\/p>\n<p>&nbsp;<\/p>\n<p>&nbsp;<\/p>","protected":false},"featured_media":41242,"comment_status":"closed","ping_status":"open","template":"","meta":[],"product_brand":[],"product_cat":[224,108],"product_tag":[],"class_list":{"0":"post-52397","1":"product","2":"type-product","3":"status-publish","4":"has-post-thumbnail","6":"product_cat-ilmkjarnaoliur-oliur","7":"product_cat-oliur","9":"first","10":"instock","11":"shipping-taxable","12":"purchasable","13":"product-type-simple"},"_links":{"self":[{"href":"https:\/\/ilmoliulampar.is\/en_gb\/wp-json\/wp\/v2\/product\/52397","targetHints":{"allow":["GET"]}}],"collection":[{"href":"https:\/\/ilmoliulampar.is\/en_gb\/wp-json\/wp\/v2\/product"}],"about":[{"href":"https:\/\/ilmoliulampar.is\/en_gb\/wp-json\/wp\/v2\/types\/product"}],"replies":[{"embeddable":true,"href":"https:\/\/ilmoliulampar.is\/en_gb\/wp-json\/wp\/v2\/comments?post=52397"}],"wp:featuredmedia":[{"embeddable":true,"href":"https:\/\/ilmoliulampar.is\/en_gb\/wp-json\/wp\/v2\/media\/41242"}],"wp:attachment":[{"href":"https:\/\/ilmoliulampar.is\/en_gb\/wp-json\/wp\/v2\/media?parent=52397"}],"wp:term":[{"taxonomy":"product_brand","embeddable":true,"href":"https:\/\/ilmoliulampar.is\/en_gb\/wp-json\/wp\/v2\/product_brand?post=52397"},{"taxonomy":"product_cat","embeddable":true,"href":"https:\/\/ilmoliulampar.is\/en_gb\/wp-json\/wp\/v2\/product_cat?post=52397"},{"taxonomy":"product_tag","embeddable":true,"href":"https:\/\/ilmoliulampar.is\/en_gb\/wp-json\/wp\/v2\/product_tag?post=52397"}],"curies":[{"name":"wp","href":"https:\/\/api.w.org\/{rel}","templated":true}]}}