{"id":52403,"date":"2019-02-21T13:44:36","date_gmt":"2019-02-21T13:44:36","guid":{"rendered":"https:\/\/new.ilmoliulampar.is\/product\/bath-body-works-ilmoliur-i-gjafaoskju-4-stk\/"},"modified":"2025-11-05T15:41:43","modified_gmt":"2025-11-05T15:41:43","slug":"bath-body-works-ilmoliur-i-gjafaoskju-4-stk","status":"publish","type":"product","link":"https:\/\/ilmoliulampar.is\/en_gb\/product\/bath-body-works-ilmoliur-i-gjafaoskju-4-stk\/","title":{"rendered":"Bath &#038; Body Works ilmol\u00edur \u00ed gjafa\u00f6skju, 4 stk"},"content":{"rendered":"","protected":false},"excerpt":{"rendered":"<p>BATH &amp; BODY WORKS GJAFABOX<\/p>\n<p>4 \u00e6\u00f0islegar ilmol\u00edur fr\u00e1 B&amp;B \u00ed fallegri gjafa\u00f6skju.<\/p>\n<p><span class=\"text_exposed_show\">\u00de\u00fa getur vali\u00f0 4 ilmi fr\u00e1 Bath &amp; Bodyworks \u00ed \u00f6skjuna \u00fe\u00edna, ef ekkert er vali\u00f0 \u00fe\u00e1 setjum vi\u00f0 einhverjar 4 g\u00f3\u00f0ar fyrir \u00feig \ud83d\ude0a<\/span><\/p>","protected":false},"featured_media":41270,"comment_status":"closed","ping_status":"closed","template":"","meta":[],"product_brand":[],"product_cat":[195,198,108],"product_tag":[],"class_list":{"0":"post-52403","1":"product","2":"type-product","3":"status-publish","4":"has-post-thumbnail","6":"product_cat-ilmoliur-oliur","7":"product_cat-ilmoliutilbod-oliur","8":"product_cat-oliur","10":"first","11":"instock","12":"shipping-taxable","13":"purchasable","14":"product-type-simple"},"_links":{"self":[{"href":"https:\/\/ilmoliulampar.is\/en_gb\/wp-json\/wp\/v2\/product\/52403","targetHints":{"allow":["GET"]}}],"collection":[{"href":"https:\/\/ilmoliulampar.is\/en_gb\/wp-json\/wp\/v2\/product"}],"about":[{"href":"https:\/\/ilmoliulampar.is\/en_gb\/wp-json\/wp\/v2\/types\/product"}],"replies":[{"embeddable":true,"href":"https:\/\/ilmoliulampar.is\/en_gb\/wp-json\/wp\/v2\/comments?post=52403"}],"wp:featuredmedia":[{"embeddable":true,"href":"https:\/\/ilmoliulampar.is\/en_gb\/wp-json\/wp\/v2\/media\/41270"}],"wp:attachment":[{"href":"https:\/\/ilmoliulampar.is\/en_gb\/wp-json\/wp\/v2\/media?parent=52403"}],"wp:term":[{"taxonomy":"product_brand","embeddable":true,"href":"https:\/\/ilmoliulampar.is\/en_gb\/wp-json\/wp\/v2\/product_brand?post=52403"},{"taxonomy":"product_cat","embeddable":true,"href":"https:\/\/ilmoliulampar.is\/en_gb\/wp-json\/wp\/v2\/product_cat?post=52403"},{"taxonomy":"product_tag","embeddable":true,"href":"https:\/\/ilmoliulampar.is\/en_gb\/wp-json\/wp\/v2\/product_tag?post=52403"}],"curies":[{"name":"wp","href":"https:\/\/api.w.org\/{rel}","templated":true}]}}